{"id":1588,"date":"2019-12-12T10:50:51","date_gmt":"2019-12-12T10:50:51","guid":{"rendered":"https:\/\/aerodromisrbije.rs\/sajt\/?page_id=1588"},"modified":"2020-02-11T10:35:15","modified_gmt":"2020-02-11T10:35:15","slug":"snimanje-na-aerodromu","status":"publish","type":"page","link":"https:\/\/aerodromisrbije.rs\/sajt\/novosti\/snimanje-na-aerodromu\/","title":{"rendered":"Snimanje na aerodromu"},"content":{"rendered":"<p>[vc_row][vc_column box=&#8220;true&#8220; bgcolor=&#8220;#ffffff&#8220;][vc_column_text]Po\u0161tovani,<\/p>\n<p>kako bismo i ubudu\u0107e nastavili kvalitetnu saradnju i u\u010dinili je maksimalno efikasnom, molimo vas da imate u vidu da aerodrom Konstantin Veliki u fizi\u010dkom smislu predstavlja zonu grani\u010dnog prelaza, koja podrazumeva izvesna ograni\u010denja prilikom snimanja ili fotografisanja, kao i u kretanju posetilaca aerodroma.<\/p>\n<p>Svakom dolasku predstavnika medija prethodi obaveza blagovremene najave dolaska putem dopisa poslatog mailom ili telefaksom, u kome je, na memorandumu medijske ku\u0107e, potrebno navesti slede\u0107e podatke:<\/p>\n<ul class=\"bullet bullet-check-circle list-unstyled\">\n<li>medijska ku\u0107a iz koje dolazite<\/li>\n<li>razlog, lokacija i predvi\u0111eno vreme (datum i sat) snimanja<\/li>\n<li>imena svih \u010dlanova ekipe, sa brojem li\u010dne karte<\/li>\n<li>kontakt telefon redakcije<\/li>\n<\/ul>\n<p>Dopis sa navedenim informacijama treba dostaviti Samostalnom saradniku za marketing i odnose sa javno\u0161\u0107u na mail <a href=\"mailto:press@aerodromisrbije.rs\">press@aerodromisrbije.rs<\/a> ili broj telefaksa <a href=\"tel:+381184583003\">(+381 18) 458 30 03<\/a>.<\/p>\n<p>Ukoliko je za potrebe medija predvi\u0111en boravak u zoni grani\u010dnog prelaza, pored odobrenja nadle\u017enih iz Aerodroma Srbije doo Ni\u0161, potrebna je i saglasnost <a href=\"http:\/\/www.mup.gov.rs\/cms_cir\/ministarstvo.nsf\/biro-za-saradnju-s-medijima.h\" target=\"_blank\" rel=\"noopener noreferrer\">Biroa za saradnju sa medijima MUP RS<\/a>.<\/p>\n<p>Svi koji \u017eele da snimaju ili fotografi\u0161u imovinu ili zaposlene u avio-kompanijama, potrebno je prethodno da pribave saglasnost avio-kompanije.<\/p>\n<p>Dodatna poja\u0161njenja procedure u vezi sa informativnim snimanjima mo\u017eete dobiti u kontaktu sa Samostalnim saradnikom za marketing i odnose sa javno\u0161\u0107u Aerodromi Srbije doo Ni\u0161<\/p>\n<p>Nadamo se da \u0107emo, po\u0161tovanjem propisanih procedura, uspeti da prevazi\u0111emo eventualne nesporazume i postignemo jo\u0161 bolju saradnju.<\/p>\n<p>S po\u0161tovanjem,<br \/>\n<strong>Aerodromi Srbije doo Ni\u0161<\/strong>[\/vc_column_text][\/vc_column][\/vc_row]<\/p>\n","protected":false},"excerpt":{"rendered":"<p>[vc_row][vc_column box=&#8220;true&#8220; bgcolor=&#8220;#ffffff&#8220;][vc_column_text]Po\u0161tovani, kako bismo i ubudu\u0107e nastavili kvalitetnu saradnju i u\u010dinili je maksimalno efikasnom, molimo vas da imate u vidu da aerodrom Konstantin Veliki u fizi\u010dkom smislu predstavlja zonu grani\u010dnog prelaza, koja podrazumeva izvesna ograni\u010denja prilikom snimanja ili fotografisanja, kao i u kretanju posetilaca aerodroma. Svakom dolasku predstavnika medija prethodi obaveza blagovremene najave dolaska [&hellip;]<\/p>\n","protected":false},"author":1,"featured_media":0,"parent":278,"menu_order":0,"comment_status":"closed","ping_status":"closed","template":"page-templates\/template-fullwidth.php","meta":[],"_links":{"self":[{"href":"https:\/\/aerodromisrbije.rs\/sajt\/wp-json\/wp\/v2\/pages\/1588"}],"collection":[{"href":"https:\/\/aerodromisrbije.rs\/sajt\/wp-json\/wp\/v2\/pages"}],"about":[{"href":"https:\/\/aerodromisrbije.rs\/sajt\/wp-json\/wp\/v2\/types\/page"}],"author":[{"embeddable":true,"href":"https:\/\/aerodromisrbije.rs\/sajt\/wp-json\/wp\/v2\/users\/1"}],"replies":[{"embeddable":true,"href":"https:\/\/aerodromisrbije.rs\/sajt\/wp-json\/wp\/v2\/comments?post=1588"}],"version-history":[{"count":5,"href":"https:\/\/aerodromisrbije.rs\/sajt\/wp-json\/wp\/v2\/pages\/1588\/revisions"}],"predecessor-version":[{"id":2039,"href":"https:\/\/aerodromisrbije.rs\/sajt\/wp-json\/wp\/v2\/pages\/1588\/revisions\/2039"}],"up":[{"embeddable":true,"href":"https:\/\/aerodromisrbije.rs\/sajt\/wp-json\/wp\/v2\/pages\/278"}],"wp:attachment":[{"href":"https:\/\/aerodromisrbije.rs\/sajt\/wp-json\/wp\/v2\/media?parent=1588"}],"curies":[{"name":"wp","href":"https:\/\/api.w.org\/{rel}","templated":true}]}}