{"id":2154,"date":"2020-10-16T22:57:01","date_gmt":"2020-10-16T22:57:01","guid":{"rendered":"https:\/\/aerodromisrbije.rs\/sajt\/homepage\/"},"modified":"2023-10-06T07:29:19","modified_gmt":"2023-10-06T06:29:19","slug":"homepage","status":"publish","type":"page","link":"https:\/\/aerodromisrbije.rs\/sajt\/rs\/homepage\/","title":{"rendered":"\u041f\u043e\u0447\u0435\u0442\u043d\u0430"},"content":{"rendered":"<p>[vc_row fullwidth=&#8220;yes&#8220;][vc_column]    <div class=\"slider \" id=\"slider\">\n            <div class=\"slider-img\">\n        <img src=\"https:\/\/aerodromisrbije.rs\/sajt\/wp-content\/uploads\/2020\/12\/as-sajt-korp.jpg\" class=\"\" alt=\"\">\n        <div class=\"container\">\n          <div class=\"row\">\n            <div class=\"col-lg-5 col-md-12 col-sm-12 col-xs-12\">\n              <div class=\"slider-captions\">\n                <!-- slider-captions -->\n                <h1 class=\"slider-title\">\u0411\u0443\u0434\u0438\u0442\u0435 \u0443 \u0442\u043e\u043a\u0443 <\/h1>                <p class=\"slider-text hidden-xs\">\u0417\u0430\u043f\u0440\u0430\u0442\u0438\u0442\u0435 \u043d\u0430\u0441 \u043d\u0430 \u0434\u0440\u0443\u0448\u0442\u0432\u0435\u043d\u0438\u043c \u043c\u0440\u0435\u0436\u0430\u043c\u0430<\/p>                <a href=\"https:\/\/www.linkedin.com\/company\/nis-airport-%E2%80%9A%E2%80%9Aconstantine-the-great-\/\" class=\"btn btn-default hidden-xs\">\u041f\u0440\u0430\u0442\u0438\u0442\u0435 \u043d\u0430\u0441<\/a>               <\/div>\n              <!-- \/.slider-captions -->\n            <\/div>\n          <\/div>\n        <\/div>\n      <\/div>\n      \n       \n    <\/div>\n    <script type=\"text\/javascript\">\n      (function($) {\n        $(document).on('ready', function() {\n            \"use strict\";\n              $(\"#slider\").owlCarousel({\n              navigation: true, \/\/ Show next and prev buttons\n              slideSpeed: 3000,\n              paginationSpeed: 400,\n              singleItem: true,\n              pagination: true,\n                            autoPlay: false,\n              navigationText: [\"<i class='fa fa-angle-left'><\/i>\", \"<i class='fa fa-angle-right'><\/i>\"],\n              addClassActive: true,\n             });\n        });\n        })(jQuery);\n    <\/script>\n  [vc_column_text][\/vc_column_text][\/vc_column][\/vc_row][vc_row disable_element=&#8220;yes&#8220; fullwidth=&#8220;yes&#8220;][vc_column width=&#8220;1\/6&#8243;][\/vc_column][vc_column width=&#8220;2\/3&#8243;][vc_raw_html]JTNDZGl2JTIwY2xhc3MlM0QlMjJiYW5lcjIlMjIlMjBzdHlsZSUzRCUyMmJhY2tncm91bmQlM0ElMjNjODM3M2UlM0IlMjBwYWRkaW5nJTNBN3B4JTNCJTIyJTNFJTIwJTBBJTIwJTIwJTIwJTIwJTBBJTNDcCUyMHN0eWxlJTNEJTIyY29sb3IlM0F3aGl0ZSUzQiUyMiUzRSVEMCU5RSVEMCVCNCVEMCVCQiVEMSU4MyVEMCVCQSVEMCVCNSUyMCVEMCU5MiVEMCVCQiVEMCVCMCVEMCVCNCVEMCVCNSUyMCVEMCVBMSVEMSU4MCVEMCVCMSVEMCVCOCVEMSU5OCVEMCVCNSUyMCVEMCVCNCVEMCVCRSVEMCVCRCVEMCVCNSVEMSU4MiVEMCVCNSUyMCVEMCVCNyVEMCVCMCUyMCVEMCVCMiVEMSU4MCVEMCVCNSVEMCVCQyVEMCVCNSUyMCVEMCVCMiVEMCVCMCVEMCVCRCVEMSU4MCVEMCVCNSVEMCVCNCVEMCVCRCVEMCVCRSVEMCVCMyUyMCVEMSU4MSVEMSU4MiVEMCVCMCVEMSU5QSVEMCVCMCUyMCUzQ2ElMjBocmVmJTNEJTIyaHR0cCUzQSUyRiUyRnd3dy5wcmF2bm8taW5mb3JtYWNpb25pLXNpc3RlbS5ycyUyRmZwJTJGY292aWQxOSUyMiUyMGNsYXNzJTNEJTIydGl0bGUlMjIlMjB0YXJnZXQlM0QlMjJfYmxhbmslMjIlM0UlMjglRDAlQkIlRDAlQjglRDAlQkQlRDAlQkElMjklM0MlMkZhJTNFJTNDJTJGcCUzRSUwQSUyMCUwQSUzQyUyRmRpdiUzRSUwQSUzQ2RpdiUyMGNsYXNzJTNEJTIyYmFubmVyJTIyJTNFJTIwJTNDYSUyMGhyZWYlM0QlMjJodHRwcyUzQSUyRiUyRmNvdmlkMTkucnMlMkYlMjIlMjB0YXJnZXQlM0QlMjJfYmxhbmslMjIlM0UlM0NpbWclMjBzcmMlM0QlMjJodHRwcyUzQSUyRiUyRmluaS5hZXJvZHJvbWlzcmJpamUucnMlMkZ3cC1jb250ZW50JTJGdXBsb2FkcyUyRjIwMjAlMkYwMyUyRmtvcm9uYS12aXJ1cy5qcGclMjIlMjBjbGFzcyUzRCUyMmJhbm5lci1pbWclMjIlMjBhbHQlM0QlMjJjb3ZpZDE5LnJzJTIyJTNFJTNDJTJGYSUzRSUwQSUzQ2ElMjBocmVmJTNEJTIyaHR0cHMlM0ElMkYlMkZjb3ZpZDE5LnJzJTJGJTIyJTIwY2xhc3MlM0QlMjJidG4lMjBidG4tZGVmYXVsdCUyMGJ0bi1ibG9jayUyMiUyMHRhcmdldCUzRCUyMl9ibGFuayUyMiUzRSVEMCVBMSVEMCVCMCVEMCVCNyVEMCVCRCVEMCVCMCVEMSU5OCVEMSU4MiVEMCVCNSUyMCVEMCVCMiVEMCVCOCVEMSU4OCVEMCVCNSUzQyUyRmElM0UlMEElM0MlMkZkaXYlM0U=[\/vc_raw_html][\/vc_column][vc_column width=&#8220;1\/6&#8243;][\/vc_column][\/vc_row][vc_row css=&#8220;.vc_custom_1481777389272{padding-top: 80px !important;padding-bottom: 80px !important;}&#8220;][vc_column width=&#8220;2\/3&#8243; offset=&#8220;vc_col-lg-offset-2 vc_col-md-offset-2 vc_col-sm-offset-2&#8243; css=&#8220;.vc_custom_1482996007221{margin-bottom: 60px !important;}&#8220;]\t\n\t<h1 class=\"\" style=\"text-align: center;\" > \u041d\u0430\u0458\u043d\u043e\u0432\u0438\u0458\u0435 \u0438\u043d\u0444\u043e\u0440\u043c\u0430\u0446\u0438\u0458\u0435<\/h1>\t\n[\/vc_column][vc_column]    <div class=\"row\">\n      <div class=\"blog-slide\" id=\"blog-slide\">\n                  <div class=\"col-md-12 col-sm-12 col-xs-12\">\n          <div class=\"post-block mb30\">\n              <div class=\"post-img\">\n                  <a href=\"https:\/\/aerodromisrbije.rs\/sajt\/pocela-primena-letnjeg-reda-letenja-na-aerodromima-u-nisu-i-kraljevu-2\/\" class=\"imghover\">\n                                                                        <\/a>\n              <\/div>\n              <div class=\"bg-white pinside40 outline\">\n                  <h2><a href=\"https:\/\/aerodromisrbije.rs\/sajt\/pocela-primena-letnjeg-reda-letenja-na-aerodromima-u-nisu-i-kraljevu-2\/\" class=\"title\">Po\u010dela primena letnjeg reda letenja na aerodromima u Ni\u0161u i Kraljevu<\/a><\/h2>\n                  <p class=\"meta\"><span class=\"meta-date\">1 \u0430\u043f\u0440\u0438\u043b\u0430, 2026<\/span><span class=\"meta-author\">by  <a href=\"https:\/\/aerodromisrbije.rs\/sajt\/author\/dmg_aero\/\" title=\"\u0427\u043b\u0430\u043d\u0446\u0438 \u043e\u0434 Aerodromi Srbije\" rel=\"author\">Aerodromi Srbije<\/a><\/span><\/p>\n                  <p>Letnji red letenja je zvani\u010dno stupio na snagu u nedelju 29. marta 2026. godine i traja\u0107e sve do 24. oktobra 2026. godine. U okviru...<\/p>\n                  <a href=\"https:\/\/aerodromisrbije.rs\/sajt\/pocela-primena-letnjeg-reda-letenja-na-aerodromima-u-nisu-i-kraljevu-2\/\" class=\"btn-link\">\u041f\u0440\u043e\u0447\u0438\u0442\u0430\u0458 \u0432\u0438\u0448\u0435<\/a> \n              <\/div>\n          <\/div>\n      <\/div>\n\n                  <div class=\"col-md-12 col-sm-12 col-xs-12\">\n          <div class=\"post-block mb30\">\n              <div class=\"post-img\">\n                  <a href=\"https:\/\/aerodromisrbije.rs\/sajt\/2025-istorijska-za-moravu-opsluzeno-najvise-putnika-ali-i-najveci-avion\/\" class=\"imghover\">\n                                                                        <\/a>\n              <\/div>\n              <div class=\"bg-white pinside40 outline\">\n                  <h2><a href=\"https:\/\/aerodromisrbije.rs\/sajt\/2025-istorijska-za-moravu-opsluzeno-najvise-putnika-ali-i-najveci-avion\/\" class=\"title\">2025. istorijska za Moravu: Opslu\u017eeno najvi\u0161e putnika, ali i najve\u0107i avion<\/a><\/h2>\n                  <p class=\"meta\"><span class=\"meta-date\">9 \u0458\u0430\u043d\u0443\u0430\u0440\u0430, 2026<\/span><span class=\"meta-author\">by  <a href=\"https:\/\/aerodromisrbije.rs\/sajt\/author\/dmg_aero\/\" title=\"\u0427\u043b\u0430\u043d\u0446\u0438 \u043e\u0434 Aerodromi Srbije\" rel=\"author\">Aerodromi Srbije<\/a><\/span><\/p>\n                  <p>Aerodrom Morava u Kraljevu je godinu za nama upisao velikim slovima u svoju istoriju &#8211; dva su razloga za to. Prethodnu godinu je aerodrom...<\/p>\n                  <a href=\"https:\/\/aerodromisrbije.rs\/sajt\/2025-istorijska-za-moravu-opsluzeno-najvise-putnika-ali-i-najveci-avion\/\" class=\"btn-link\">\u041f\u0440\u043e\u0447\u0438\u0442\u0430\u0458 \u0432\u0438\u0448\u0435<\/a> \n              <\/div>\n          <\/div>\n      <\/div>\n\n                  <div class=\"col-md-12 col-sm-12 col-xs-12\">\n          <div class=\"post-block mb30\">\n              <div class=\"post-img\">\n                  <a href=\"https:\/\/aerodromisrbije.rs\/sajt\/direktor-aerodroma-srbije-mihajlo-zdravkovic-i-ministar-usame-zukorlic-sastali-su-se-danas-u-nisu\/\" class=\"imghover\">\n                                                                        <\/a>\n              <\/div>\n              <div class=\"bg-white pinside40 outline\">\n                  <h2><a href=\"https:\/\/aerodromisrbije.rs\/sajt\/direktor-aerodroma-srbije-mihajlo-zdravkovic-i-ministar-usame-zukorlic-sastali-su-se-danas-u-nisu\/\" class=\"title\">Direktor Aerodroma Srbije Mihajlo Zdravkovi\u0107 i ministar Usame Zukorli\u0107 sastali su se danas u Ni\u0161u<\/a><\/h2>\n                  <p class=\"meta\"><span class=\"meta-date\">1 \u0434\u0435\u0446\u0435\u043c\u0431\u0440\u0430, 2025<\/span><span class=\"meta-author\">by  <a href=\"https:\/\/aerodromisrbije.rs\/sajt\/author\/dmg_aero\/\" title=\"\u0427\u043b\u0430\u043d\u0446\u0438 \u043e\u0434 Aerodromi Srbije\" rel=\"author\">Aerodromi Srbije<\/a><\/span><\/p>\n                  <p>Ministar za pomirenje, regionalnu saradnju i dru\u0161tvenu stabilnost Usame Zukorli\u0107 i predsednica op\u0161tine Sjenica Mersija Camovi\u0107 Rebronja posetili su danas ni\u0161ki aerodrom i sastali...<\/p>\n                  <a href=\"https:\/\/aerodromisrbije.rs\/sajt\/direktor-aerodroma-srbije-mihajlo-zdravkovic-i-ministar-usame-zukorlic-sastali-su-se-danas-u-nisu\/\" class=\"btn-link\">\u041f\u0440\u043e\u0447\u0438\u0442\u0430\u0458 \u0432\u0438\u0448\u0435<\/a> \n              <\/div>\n          <\/div>\n      <\/div>\n\n                  <div class=\"col-md-12 col-sm-12 col-xs-12\">\n          <div class=\"post-block mb30\">\n              <div class=\"post-img\">\n                  <a href=\"https:\/\/aerodromisrbije.rs\/sajt\/na-aerodromu-u-nisu-od-danas-u-funkciji-nova-oprema-za-unapredjenje-bezbednosti\/\" class=\"imghover\">\n                                                                        <\/a>\n              <\/div>\n              <div class=\"bg-white pinside40 outline\">\n                  <h2><a href=\"https:\/\/aerodromisrbije.rs\/sajt\/na-aerodromu-u-nisu-od-danas-u-funkciji-nova-oprema-za-unapredjenje-bezbednosti\/\" class=\"title\">Na aerodromu u Ni\u0161u od danas u funkciji nova oprema za unapre\u0111enje bezbednosti<\/a><\/h2>\n                  <p class=\"meta\"><span class=\"meta-date\">25 \u043d\u043e\u0432\u0435\u043c\u0431\u0440\u0430, 2025<\/span><span class=\"meta-author\">by  <a href=\"https:\/\/aerodromisrbije.rs\/sajt\/author\/dmg_aero\/\" title=\"\u0427\u043b\u0430\u043d\u0446\u0438 \u043e\u0434 Aerodromi Srbije\" rel=\"author\">Aerodromi Srbije<\/a><\/span><\/p>\n                  <p>Danas je na aerodromu \u201cKonstantin Veliki\u201d u Ni\u0161u stavljena u funkciju nova oprema koja je nabavljena zahvaljuju\u0107i donaciji Direktorata civilnog vazduhoplovstva Republike Srbije. Direktorat...<\/p>\n                  <a href=\"https:\/\/aerodromisrbije.rs\/sajt\/na-aerodromu-u-nisu-od-danas-u-funkciji-nova-oprema-za-unapredjenje-bezbednosti\/\" class=\"btn-link\">\u041f\u0440\u043e\u0447\u0438\u0442\u0430\u0458 \u0432\u0438\u0448\u0435<\/a> \n              <\/div>\n          <\/div>\n      <\/div>\n\n                  <div class=\"col-md-12 col-sm-12 col-xs-12\">\n          <div class=\"post-block mb30\">\n              <div class=\"post-img\">\n                  <a href=\"https:\/\/aerodromisrbije.rs\/sajt\/ispisana-istorija-na-aerodromu-u-nisu-novi-godisnji-rekord-u-kargo-transportu\/\" class=\"imghover\">\n                                                                        <\/a>\n              <\/div>\n              <div class=\"bg-white pinside40 outline\">\n                  <h2><a href=\"https:\/\/aerodromisrbije.rs\/sajt\/ispisana-istorija-na-aerodromu-u-nisu-novi-godisnji-rekord-u-kargo-transportu\/\" class=\"title\">Ispisana istorija na aerodromu u Ni\u0161u: Novi godi\u0161nji rekord u kargo transportu<\/a><\/h2>\n                  <p class=\"meta\"><span class=\"meta-date\">17 \u043d\u043e\u0432\u0435\u043c\u0431\u0440\u0430, 2025<\/span><span class=\"meta-author\">by  <a href=\"https:\/\/aerodromisrbije.rs\/sajt\/author\/dmg_aero\/\" title=\"\u0427\u043b\u0430\u043d\u0446\u0438 \u043e\u0434 Aerodromi Srbije\" rel=\"author\">Aerodromi Srbije<\/a><\/span><\/p>\n                  <p>Kargo saobra\u0107aj na aerodromu \u201cKonstantin Veliki\u201d u Ni\u0161u je ve\u0107 tokom pro\u0161le nedelje upisao novi rekord u koli\u010dini transportovane robe na godi\u0161njem nivou. Godina...<\/p>\n                  <a href=\"https:\/\/aerodromisrbije.rs\/sajt\/ispisana-istorija-na-aerodromu-u-nisu-novi-godisnji-rekord-u-kargo-transportu\/\" class=\"btn-link\">\u041f\u0440\u043e\u0447\u0438\u0442\u0430\u0458 \u0432\u0438\u0448\u0435<\/a> \n              <\/div>\n          <\/div>\n      <\/div>\n\n                  <\/div>\n    <\/div>\n[\/vc_column][\/vc_row][vc_row content_placement=&#8220;middle&#8220; parallax=&#8220;content-moving&#8220; parallax_image=&#8220;1884&#8243; parallax_speed_bg=&#8220;1.4&#8243; fullwidth=&#8220;yes&#8220; css=&#8220;.vc_custom_1576507231518{margin-top: 3% !important;margin-bottom: 3% !important;padding-top: 300px !important;}&#8220;][vc_column parallax=&#8220;content-moving&#8220; parallax_image=&#8220;1732&#8243;][\/vc_column][\/vc_row][vc_row css=&#8220;.vc_custom_1481777973273{padding-top: 80px !important;padding-bottom: 80px !important;background-color: #ffffff !important;}&#8220;][vc_column width=&#8220;2\/3&#8243; css=&#8220;.vc_custom_1482996014717{margin-bottom: 60px !important;}&#8220; offset=&#8220;vc_col-lg-offset-2 vc_col-md-offset-2 vc_col-sm-offset-2&#8243;]\t\n\t<h1 class=\"\" style=\"text-align: center;\" > \u041a\u043e\u043d\u0442\u0430\u043a\u0442\u0438\u0440\u0430\u0458\u0442\u0435 \u043d\u0430\u0441<\/h1>\t\n[vc_column_text css=&#8220;.vc_custom_1605308097766{margin-bottom: 0px !important;}&#8220;]<\/p>\n<p style=\"text-align: center;\">\u041f\u043e\u0437\u043e\u0432\u0438\u0442\u0435 \u043d\u0430\u0441 \u0438\u043b\u0438 \u043f\u0438\u0448\u0438\u0442\u0435 \u043d\u0430 \u0435\u043c\u0430\u0438\u043b \u0430\u0434\u0440\u0435\u0441\u0443<\/p>\n<p>[\/vc_column_text][\/vc_column][vc_column width=&#8220;1\/3&#8243;]  <div class=\"bg-white bg-boxshadow pinside40 outline text-center mb30\">\n    <div class=\"mb40\"><i class=\"icon-pointer  icon-2x icon-default\"><\/i><\/div>\n    <h2 class=\"capital-title\">\u0410\u0414\u0420\u0415\u0421\u0410<\/h2>        <p>\u0423\u043b\u0438\u0446\u0430 \u0432\u0430\u0437\u0434\u0443\u0445\u043e\u043f\u043b\u043e\u0432\u0430\u0446\u0430 24,<\/p>\n<p>18106 \u041d\u0438\u0448, \u0421\u0440\u0431\u0438\u0458\u0430<\/p>\n      <\/div>\n[\/vc_column][vc_column width=&#8220;1\/3&#8243;]  <div class=\"bg-white bg-boxshadow pinside40 outline text-center mb30\">\n    <div class=\"mb40\"><i class=\"icon-phone-call  icon-2x icon-default\"><\/i><\/div>\n    <h2 class=\"capital-title\">\u0418\u041d\u0424\u041e\u0420\u041c\u0410\u0426\u0418\u0408\u0415<\/h2>        <p><a href=\"tel: +381184150555\">+381 18 4150 555<\/a><\/p>\n      <\/div>\n[\/vc_column][vc_column width=&#8220;1\/3&#8243;]  <div class=\"bg-white bg-boxshadow pinside40 outline text-center mb30\">\n    <div class=\"mb40\"><i class=\"icon-letter  icon-2x icon-default\"><\/i><\/div>\n    <h2 class=\"capital-title\">\u0415\u041c\u0410\u0418\u041b \u0410\u0414\u0420\u0415\u0421\u0410<\/h2>        <p><a href=\"mailto:kancelarija@aerodromisrbije.rs\" target=\"_top\" rel=\"noopener noreferrer\">kancelarija@aerodromisrbije.rs<\/a><\/p>\n      <\/div>\n[\/vc_column][\/vc_row]<\/p>\n","protected":false},"excerpt":{"rendered":"<p>[vc_row fullwidth=&#8220;yes&#8220;][vc_column][vc_column_text][\/vc_column_text][\/vc_column][\/vc_row][vc_row disable_element=&#8220;yes&#8220; fullwidth=&#8220;yes&#8220;][vc_column width=&#8220;1\/6&#8243;][\/vc_column][vc_column width=&#8220;2\/3&#8243;][vc_raw_html]JTNDZGl2JTIwY2xhc3MlM0QlMjJiYW5lcjIlMjIlMjBzdHlsZSUzRCUyMmJhY2tncm91bmQlM0ElMjNjODM3M2UlM0IlMjBwYWRkaW5nJTNBN3B4JTNCJTIyJTNFJTIwJTBBJTIwJTIwJTIwJTIwJTBBJTNDcCUyMHN0eWxlJTNEJTIyY29sb3IlM0F3aGl0ZSUzQiUyMiUzRSVEMCU5RSVEMCVCNCVEMCVCQiVEMSU4MyVEMCVCQSVEMCVCNSUyMCVEMCU5MiVEMCVCQiVEMCVCMCVEMCVCNCVEMCVCNSUyMCVEMCVBMSVEMSU4MCVEMCVCMSVEMCVCOCVEMSU5OCVEMCVCNSUyMCVEMCVCNCVEMCVCRSVEMCVCRCVEMCVCNSVEMSU4MiVEMCVCNSUyMCVEMCVCNyVEMCVCMCUyMCVEMCVCMiVEMSU4MCVEMCVCNSVEMCVCQyVEMCVCNSUyMCVEMCVCMiVEMCVCMCVEMCVCRCVEMSU4MCVEMCVCNSVEMCVCNCVEMCVCRCVEMCVCRSVEMCVCMyUyMCVEMSU4MSVEMSU4MiVEMCVCMCVEMSU5QSVEMCVCMCUyMCUzQ2ElMjBocmVmJTNEJTIyaHR0cCUzQSUyRiUyRnd3dy5wcmF2bm8taW5mb3JtYWNpb25pLXNpc3RlbS5ycyUyRmZwJTJGY292aWQxOSUyMiUyMGNsYXNzJTNEJTIydGl0bGUlMjIlMjB0YXJnZXQlM0QlMjJfYmxhbmslMjIlM0UlMjglRDAlQkIlRDAlQjglRDAlQkQlRDAlQkElMjklM0MlMkZhJTNFJTNDJTJGcCUzRSUwQSUyMCUwQSUzQyUyRmRpdiUzRSUwQSUzQ2RpdiUyMGNsYXNzJTNEJTIyYmFubmVyJTIyJTNFJTIwJTNDYSUyMGhyZWYlM0QlMjJodHRwcyUzQSUyRiUyRmNvdmlkMTkucnMlMkYlMjIlMjB0YXJnZXQlM0QlMjJfYmxhbmslMjIlM0UlM0NpbWclMjBzcmMlM0QlMjJodHRwcyUzQSUyRiUyRmluaS5hZXJvZHJvbWlzcmJpamUucnMlMkZ3cC1jb250ZW50JTJGdXBsb2FkcyUyRjIwMjAlMkYwMyUyRmtvcm9uYS12aXJ1cy5qcGclMjIlMjBjbGFzcyUzRCUyMmJhbm5lci1pbWclMjIlMjBhbHQlM0QlMjJjb3ZpZDE5LnJzJTIyJTNFJTNDJTJGYSUzRSUwQSUzQ2ElMjBocmVmJTNEJTIyaHR0cHMlM0ElMkYlMkZjb3ZpZDE5LnJzJTJGJTIyJTIwY2xhc3MlM0QlMjJidG4lMjBidG4tZGVmYXVsdCUyMGJ0bi1ibG9jayUyMiUyMHRhcmdldCUzRCUyMl9ibGFuayUyMiUzRSVEMCVBMSVEMCVCMCVEMCVCNyVEMCVCRCVEMCVCMCVEMSU5OCVEMSU4MiVEMCVCNSUyMCVEMCVCMiVEMCVCOCVEMSU4OCVEMCVCNSUzQyUyRmElM0UlMEElM0MlMkZkaXYlM0U=[\/vc_raw_html][\/vc_column][vc_column width=&#8220;1\/6&#8243;][\/vc_column][\/vc_row][vc_row css=&#8220;.vc_custom_1481777389272{padding-top: 80px !important;padding-bottom: 80px !important;}&#8220;][vc_column width=&#8220;2\/3&#8243; offset=&#8220;vc_col-lg-offset-2 vc_col-md-offset-2 vc_col-sm-offset-2&#8243; css=&#8220;.vc_custom_1482996007221{margin-bottom: 60px !important;}&#8220;][\/vc_column][vc_column][\/vc_column][\/vc_row][vc_row content_placement=&#8220;middle&#8220; parallax=&#8220;content-moving&#8220; parallax_image=&#8220;1884&#8243; parallax_speed_bg=&#8220;1.4&#8243; fullwidth=&#8220;yes&#8220; css=&#8220;.vc_custom_1576507231518{margin-top: 3% !important;margin-bottom: 3% !important;padding-top: 300px !important;}&#8220;][vc_column parallax=&#8220;content-moving&#8220; parallax_image=&#8220;1732&#8243;][\/vc_column][\/vc_row][vc_row css=&#8220;.vc_custom_1481777973273{padding-top: 80px !important;padding-bottom: 80px !important;background-color: #ffffff !important;}&#8220;][vc_column width=&#8220;2\/3&#8243; css=&#8220;.vc_custom_1482996014717{margin-bottom: 60px !important;}&#8220; offset=&#8220;vc_col-lg-offset-2 vc_col-md-offset-2 vc_col-sm-offset-2&#8243;][vc_column_text css=&#8220;.vc_custom_1605308097766{margin-bottom: 0px !important;}&#8220;] \u041f\u043e\u0437\u043e\u0432\u0438\u0442\u0435 \u043d\u0430\u0441 \u0438\u043b\u0438 \u043f\u0438\u0448\u0438\u0442\u0435 \u043d\u0430 [&hellip;]<\/p>\n","protected":false},"author":3,"featured_media":0,"parent":0,"menu_order":0,"comment_status":"closed","ping_status":"closed","template":"page-templates\/template-canvas.php","meta":[],"_links":{"self":[{"href":"https:\/\/aerodromisrbije.rs\/sajt\/wp-json\/wp\/v2\/pages\/2154"}],"collection":[{"href":"https:\/\/aerodromisrbije.rs\/sajt\/wp-json\/wp\/v2\/pages"}],"about":[{"href":"https:\/\/aerodromisrbije.rs\/sajt\/wp-json\/wp\/v2\/types\/page"}],"author":[{"embeddable":true,"href":"https:\/\/aerodromisrbije.rs\/sajt\/wp-json\/wp\/v2\/users\/3"}],"replies":[{"embeddable":true,"href":"https:\/\/aerodromisrbije.rs\/sajt\/wp-json\/wp\/v2\/comments?post=2154"}],"version-history":[{"count":22,"href":"https:\/\/aerodromisrbije.rs\/sajt\/wp-json\/wp\/v2\/pages\/2154\/revisions"}],"predecessor-version":[{"id":4779,"href":"https:\/\/aerodromisrbije.rs\/sajt\/wp-json\/wp\/v2\/pages\/2154\/revisions\/4779"}],"wp:attachment":[{"href":"https:\/\/aerodromisrbije.rs\/sajt\/wp-json\/wp\/v2\/media?parent=2154"}],"curies":[{"name":"wp","href":"https:\/\/api.w.org\/{rel}","templated":true}]}}