{"id":2382,"date":"2020-12-13T12:23:09","date_gmt":"2020-12-13T12:23:09","guid":{"rendered":"https:\/\/aerodromisrbije.rs\/sajt\/?page_id=2382"},"modified":"2025-06-25T10:39:59","modified_gmt":"2025-06-25T09:39:59","slug":"biografije","status":"publish","type":"page","link":"https:\/\/aerodromisrbije.rs\/sajt\/biografije\/","title":{"rendered":"Biografije"},"content":{"rendered":"<p>[vc_row disable_element=&#8220;yes&#8220;][vc_column box=&#8220;true&#8220; bgcolor=&#8220;#ffffff&#8220;][vc_column_text]<\/p>\n<h3>Direktor<\/h3>\n<p><strong>Mihajlo Zdravkovi\u0107<\/strong>, ro\u0111en je 15. decembra 1983. godine. Poha\u0111ao je Osnovnu \u0161kolu \u201dDobrosav Jovanovi\u0107 Stanko\u201d i Gimnaziju \u201dStevan Sremac\u201d u Ni\u0161u. Diplomirao je 2007. godine na Univerzitetu \u201eEdukons\u201c, na Fakultetu za uslu\u017eni biznis, a 2015. godine na istom Fakultetu stekao je zvanje master ekonomista. Od 2003. do 2010. godine bio je zaposlen u Privrednom dru\u0161tvu \u201dDrvopromet\u201d doo iz Ni\u0161a na poslovima izvr\u0161nog direktora. Za rezultate u radu dobio je Zlatnu plaketu kao najuspe\u0161niji privrednik za 2006. godinu i Grand pri za rezultate postignute u proizvodnji, kao i za unapre\u0111enje privrede za 2007. godinu. Bio je predsednik Odbora Udru\u017eenja za \u0161umarstvo, industriju za preradu drveta, celuloze i papira Regionalne privredne komore Ni\u0161. Na lokalnim izborima 2008. i 2012. godine biran je za odbornika Skup\u0161tine Grada Ni\u0161a. Tokom 2008. obavl\u0458ao je funkciju zamenika predsednika Skup\u0161tine Grada Ni\u0161a, a potom od 2010. do 2012. godine funkciju predsednika Odbora za mandatno \u2013 imunitetska pitanja Skup\u0161tine Grada Ni\u0161a. Bio je \u010dlan Saveta za mlade Grada Ni\u0161a od 2008. do 2010. godine. Od 2012. do 2016. godine obavl\u0458ao je funkciju \u010dlana Gradskog ve\u0107a Grada Ni\u0161a zadu\u017eenog za privredu, odr\u017eivi razvoj i saobra\u0107aj, a od 2016. do 2020. godine \u010dlana Gradskog ve\u0107a Grada Ni\u0161a zadu\u017eenog za privredu i lokalni ekonomski razvoj. Od 2012. do 2014. godine bio je \u010dlan Nadzornog odbora i predsednik Komisije za unutra\u0161nju reviziju \u201dTelekom Srbija\u201d a.d. \u2013 Beograd. Bio je i \u010dlan Nadzornog odbora SZ \u201dJug\u201d doo \u2013 Ni\u0161. Bio je predsednik Nad\u017eornog odbora JP \u201eAerodrom Ni\u0161\u201c Ni\u0161 u periodu od 30.11.2018. godine do 18.04.2019. godine. Zavr\u0161io je dodatne edukacije iz oblasti finansija, poslovanja i upravl\u0458anja privrednim dru\u0161tvima. Poha\u0111ao je veliki broj seminara iz oblasti kreiranja, vo\u0111enja i formulisanja lokalne i nacionalne politike, javnih nastupa i uloge funkcionera organizovanih od strane relevantnih doma\u0107ih i me\u0111unarodnih institucija, kako u zeml\u0458i tako i u inostranstvu. Govori engleski, a slu\u017ei se gr\u010dkim jezikom. O\u017eenjen je i otac dvoje dece.<\/p>\n<p>Na funkciju direktora Privrednog dru\u0161tva \u201eAerodromi Srbije\u201c d.o.o. Ni\u0161 imenovan je 15.04.2019. godine.[\/vc_column_text][\/vc_column][\/vc_row][vc_row][vc_column][vc_tta_tour color=&#8220;white&#8220; active_section=&#8220;1&#8243;][vc_tta_section title=&#8220;SKUP\u0160TIN\u0410 DRU\u0160TVA&#8220; tab_id=&#8220;1683886231272-9ecbf69d-3649&#8243;][vc_column_text]<\/p>\n<h3>PREDSEDNIK SKUP\u0160TINE<\/h3>\n<p><strong>Ranko \u0160ekularac<\/strong>, ro\u0111en 20.1.1980. godine u Beranama u Crnoj Gori. Zavr\u0161io je Gimnaziju \u201ePanto Mali\u0161i\u0107\u201c, prirodno &#8211; matemati\u010dki smer, zavr\u0161io je Pravni fakultet Univerziteta u Novom Sadu, kao i Kriminalisti\u010dko &#8211; policijsku akademiju u Beogradu &#8211; Vojno &#8211; policijska obuka, tako\u0111e ima polo\u017een ispit za obavl\u0458anje poslova i primenu ovla\u0161\u0107enja komunalnog policajca, odnosno za na\u010delnika komunalne policije.<br \/>\nTokom svog radnog veka, u periodu od 2007 &#8211; 2012. godine radio je u AD \u201eVodoprivreda Smederevska Palanka\u201c, Odel\u0458enje za kontrolu i bezbednost, zatim je u periodu od 2014 &#8211; 2015. godine, radio u Gradskoj upravi grada Beograda \u2013 Sekretarijat za poslove komunalne milicije, gde je u periodu od 2015 &#8211; 2016. godine bio imenovan za pomo\u0107nika na\u010delnika komunalne policije. U periodu od 2016-2019. godine radio je u Gradskoj upravi grada Beograda \u2013 Sekretarijat za poslove komunalne milicije, u Odel\u0458enju za unutra\u0161nju kontrolu, te je od 2019. do novembra 2022. godine imenovan za rukovodioca Sektora za unutra\u0161nju kontrolu u Gradskoj upravi grada Beograda \u2013 Sekretarijat za poslove komunalne milicije.<br \/>\nU novembru mesecu 2022. godine postavl\u0458en je na mesto vr\u0161ioca du\u017enosti pomo\u0107nika ministra gra\u0111evinarstva, saobra\u0107aja i infrastrukture \u2013 Sektor za gra\u0111evinske poslove, sprovo\u0111enje objedinjene procedure i ozakonjenje, koje je poslove obavl\u0458ao do aprila meseca 2024. godine. U periodu od aprila 2024. do 8.maja 2025. godine radio je u Gradskoj upravi Grada Beograda, Sekretarijat za imovinske i pravne poslove.<br \/>\nNa mesto vr\u0161ioca du\u017enosti pomo\u0107nika ministra gra\u0111evinarstva, saobra\u0107aja i infrastrukture \u2013 Sektor za inspekcijski nadzor, postavl\u0458en je 8.5.2025. godine.<br \/>\nGovori srpski i engleski jezik.<br \/>\nO\u017eenjen je, otac troje dece.[\/vc_column_text][vc_column_text]<\/p>\n<h3>\u010cLAN SKUP\u0160TINE<\/h3>\n<p><strong>Jasenka Manjen\u010di\u0107<\/strong>, ro\u0111ena 4.3.1986. godine. Zavr\u0161ila je Pravni fakultet Univerziteta u Beogradu, smer me\u0111unarodno pravo. U periodu od 15.9.2014. godine do 1.4.2018. godine u \u201eLINK\u201c group ITAcademy obavl\u0458ala je poslove asistenta servisa za klijente, rad na poslovima sastavl\u0458anja ugovora, vo\u0111enja evidencije ugovora, prate\u0107i administrativni i drugi poslovi studentske slu\u017ebe. U periodu od 1.7.2013. godine do 1.9.2014. godine radila je u \u201eBeoGeoAqua\u201c \u2013 pru\u017eanje pravne podr\u0161ke, sastavl\u0458anje ugovora i drugih isprava, prijem i isplata novca, vo\u0111enje projekata i u\u010destvovanje u realizaciji.<br \/>\nOd 3.1.2019. godine i danas zaposlena u Ministarstvu gra\u0111evinarstva, saobra\u0107aja i infrastrukture, Sektor za gra\u0111evinske poslove, sprovo\u0111enje objedinjene procedure i ozakonjenja. Rad na kontroli ispunjenosti uslova za izdavanje gra\u0111evinskih, privremenih i upotrebnih dozvola, priprema nacrta re\u0161enja gra\u0111evinskih, privremenih i upotrebnih dozvola, priprema mi\u0161l\u0458enja o primeni zakona i drugih propisa iz oblasti izgradnje objekta, priprema materijala za sednice Vlade, priprema obrazlo\u017eenja nacrta zakona i drugih propisa, izrada re\u0161enja o izdavanju, oduzimanju i suspendovanju licenci za in\u017einjere, arhitekte i prostorne planere, izrada nacrta re\u0161enja u drugostepenom postupku po \u017ealbama izjavl\u0458enim na re\u0161enja, sprovo\u0111enje postupaka utvr\u0111ivanja reciprociteta za strana lica, kao i izrada nacrta zakona i podzakonskih akata kojima se ure\u0111uje oblast izdavanja licenci.<br \/>\nGovori srpski i engleski jezik.[\/vc_column_text][vc_column_text]<\/p>\n<h3>\u010cLAN SKUP\u0160TINE<\/h3>\n<p><strong>Jelena Vujanac<\/strong>, ro\u0111ena 4.5.1988. godine. Zavr\u0161ila je Pravni fakultet Univerziteta u Beogradu. U periodu od januara 2015. do oktobra 2015. godine obavl\u0458ala je poslove pripravnika u advokatskoj kancelariji Zoran Jakovl\u0458evi\u0107 &#8211; priprema dokumentacije za predmete, pisanje pravnih akata, ta\u010dna evidencija rokova, prisustvovanje ro\u010di\u0161tima, istra\u017eivanje sudske prakse.<br \/>\nU periodu od oktobra 2015. do marta 2019. godine obavl\u0458ala je poslove pravnika u \u201eAldebaran\u201c doo \u2013 vo\u0111enje administrativno pravnih poslova iz domena radnih odnosa, usagla\u0161avanje akata sa novim Zakonom o radu, izrda akata po Zakonu o spre\u010davanju zlostavl\u0458anja na radu, Zakona o za\u0161titi uzbunjiva\u010da, Zakona o zabrani pranja novca, izrada svih vrsta odluka i ugovora, registracija i ga\u0161enje dru\u0161tva s ograni\u010denom odgovorno\u0161\u0107u, preduzetnika i udru\u017eenja.<br \/>\nOd marta 2019. godine i danas zaposlena je u Ministarstvu gra\u0111evinarstva, saobra\u0107aja i infrastrukture, Sektor za gra\u0111evinske poslove, na poziciji Vi\u0161i savetnik &#8211; koordinacija i vo\u0111enje registra objdinjenih procedura, zakonito i a\u017eurno vo\u0111enje registra objedinjenih procedura, obezbe\u0111ivanje dostupnosti podataka o toku svakog pojedina\u010dnog predmeta u okviru sistema centralne evidencije objedinjene procedure, pra\u0107enje predmeta i zahteva, davanje informacija o podnetim zahtevima, izrada izve\u0161taja o stanju u oblasti objedinjene procedure kojima se informi\u0161u nadle\u017eni organi, preduzimanje radnji za neometano i pravilno funcionisanje registra, pru\u017eanje stru\u010dne pomo\u0107i, u\u010destvovanje u radu Komisije za planove JLS, obezbe\u0111ivanje objavl\u0458ivanja lokacijskih uslova, gra\u0111evisnke i upotrebne dozvole u elektronskom obliku,podno\u0161enje prekr\u0161ajnih prijava protiv imaoca javnih ovla\u0161\u0107enja i odgovornog lica u propisanim rokovima.<br \/>\nGovori srpski i engleski jezik.[\/vc_column_text][\/vc_tta_section][vc_tta_section title=&#8220;DIREKTOR DRU\u0160TVA&#8220; tab_id=&#8220;1683886231280-6e511d32-c80e&#8220;][vc_column_text]<\/p>\n<h3>DIREKTOR<\/h3>\n<p><strong>Mihajlo Zdravkovi\u0107<\/strong>, ro\u0111en je 15. decembra 1983. godine. Poha\u0111ao je Osnovnu \u0161kolu \u201dDobrosav Jovanovi\u0107 Stanko\u201d i Gimnaziju \u201dStevan Sremac\u201d u Ni\u0161u. Diplomirao je 2007. godine na Univerzitetu \u201eEdukons\u201c, na Fakultetu za uslu\u017eni biznis, a 2015. godine na istom Fakultetu stekao je zvanje master ekonomista. Od 2003. do 2010. godine bio je zaposlen u Privrednom dru\u0161tvu \u201dDrvopromet\u201d doo iz Ni\u0161a na poslovima izvr\u0161nog direktora. Za rezultate u radu dobio je Zlatnu plaketu kao najuspe\u0161niji privrednik za 2006. godinu i Grand pri za rezultate postignute u proizvodnji, kao i za unapre\u0111enje privrede za 2007. godinu. Bio je predsednik Odbora Udru\u017eenja za \u0161umarstvo, industriju za preradu drveta, celuloze i papira Regionalne privredne komore Ni\u0161. Na lokalnim izborima 2008. i 2012. godine biran je za odbornika Skup\u0161tine Grada Ni\u0161a. Tokom 2008. obavl\u0458ao je funkciju zamenika predsednika Skup\u0161tine Grada Ni\u0161a, a potom od 2010. do 2012. godine funkciju predsednika Odbora za mandatno \u2013 imunitetska pitanja Skup\u0161tine Grada Ni\u0161a. Bio je \u010dlan Saveta za mlade Grada Ni\u0161a od 2008. do 2010. godine. Od 2012. do 2016. godine obavl\u0458ao je funkciju \u010dlana Gradskog ve\u0107a Grada Ni\u0161a zadu\u017eenog za privredu, odr\u017eivi razvoj i saobra\u0107aj, a od 2016. do 2020. godine \u010dlana Gradskog ve\u0107a Grada Ni\u0161a zadu\u017eenog za privredu i lokalni ekonomski razvoj. Od 2012. do 2014. godine bio je \u010dlan Nadzornog odbora i predsednik Komisije za unutra\u0161nju reviziju \u201dTelekom Srbija\u201d a.d. \u2013 Beograd. Bio je i \u010dlan Nadzornog odbora SZ \u201dJug\u201d doo \u2013 Ni\u0161. Bio je predsednik Nad\u017eornog odbora JP \u201eAerodrom Ni\u0161\u201c Ni\u0161 u periodu od 30.11.2018. godine do 18.04.2019. godine. Zavr\u0161io je dodatne edukacije iz oblasti finansija, poslovanja i upravl\u0458anja privrednim dru\u0161tvima. Poha\u0111ao je veliki broj seminara iz oblasti kreiranja, vo\u0111enja i formulisanja lokalne i nacionalne politike, javnih nastupa i uloge funkcionera organizovanih od strane relevantnih doma\u0107ih i me\u0111unarodnih institucija, kako u zeml\u0458i tako i u inostranstvu. Govori engleski, a slu\u017ei se gr\u010dkim jezikom. O\u017eenjen je i otac dvoje dece.<\/p>\n<p>Na funkciju direktora Privrednog dru\u0161tva \u201eAerodromi Srbije\u201c d.o.o. Ni\u0161 imenovan je 15.04.2019. godine.[\/vc_column_text][\/vc_tta_section][\/vc_tta_tour][\/vc_column][\/vc_row]<\/p>\n","protected":false},"excerpt":{"rendered":"<p>[vc_row disable_element=&#8220;yes&#8220;][vc_column box=&#8220;true&#8220; bgcolor=&#8220;#ffffff&#8220;][vc_column_text] Direktor Mihajlo Zdravkovi\u0107, ro\u0111en je 15. decembra 1983. godine. Poha\u0111ao je Osnovnu \u0161kolu \u201dDobrosav Jovanovi\u0107 Stanko\u201d i Gimnaziju \u201dStevan Sremac\u201d u Ni\u0161u. Diplomirao je 2007. godine na Univerzitetu \u201eEdukons\u201c, na Fakultetu za uslu\u017eni biznis, a 2015. godine na istom Fakultetu stekao je zvanje master ekonomista. Od 2003. do 2010. godine bio [&hellip;]<\/p>\n","protected":false},"author":2,"featured_media":0,"parent":0,"menu_order":0,"comment_status":"closed","ping_status":"closed","template":"page-templates\/template-fullwidth.php","meta":[],"_links":{"self":[{"href":"https:\/\/aerodromisrbije.rs\/sajt\/wp-json\/wp\/v2\/pages\/2382"}],"collection":[{"href":"https:\/\/aerodromisrbije.rs\/sajt\/wp-json\/wp\/v2\/pages"}],"about":[{"href":"https:\/\/aerodromisrbije.rs\/sajt\/wp-json\/wp\/v2\/types\/page"}],"author":[{"embeddable":true,"href":"https:\/\/aerodromisrbije.rs\/sajt\/wp-json\/wp\/v2\/users\/2"}],"replies":[{"embeddable":true,"href":"https:\/\/aerodromisrbije.rs\/sajt\/wp-json\/wp\/v2\/comments?post=2382"}],"version-history":[{"count":7,"href":"https:\/\/aerodromisrbije.rs\/sajt\/wp-json\/wp\/v2\/pages\/2382\/revisions"}],"predecessor-version":[{"id":6052,"href":"https:\/\/aerodromisrbije.rs\/sajt\/wp-json\/wp\/v2\/pages\/2382\/revisions\/6052"}],"wp:attachment":[{"href":"https:\/\/aerodromisrbije.rs\/sajt\/wp-json\/wp\/v2\/media?parent=2382"}],"curies":[{"name":"wp","href":"https:\/\/api.w.org\/{rel}","templated":true}]}}