{"id":2401,"date":"2020-12-13T12:45:22","date_gmt":"2020-12-13T12:45:22","guid":{"rendered":"https:\/\/aerodromisrbije.rs\/sajt\/?page_id=2401"},"modified":"2025-09-01T11:26:43","modified_gmt":"2025-09-01T10:26:43","slug":"finansijski-izvestaji","status":"publish","type":"page","link":"https:\/\/aerodromisrbije.rs\/sajt\/finansijski-izvestaji\/","title":{"rendered":"Finansijski izve\u0161taji"},"content":{"rendered":"<p>[vc_row][vc_column box=&#8220;true&#8220; bgcolor=&#8220;#ffffff&#8220;][vc_column_text]<\/p>\n<ul>\n<li>\n<h3><a href=\"https:\/\/aerodromisrbije.rs\/sajt\/wp-content\/uploads\/2025\/09\/Finansijski-izvestaj-2024.pdf\">Finansijski izve\u0161taj 2024. godina<\/a><\/h3>\n<\/li>\n<li>\n<h3><a href=\"https:\/\/aerodromisrbije.rs\/sajt\/wp-content\/uploads\/2025\/03\/Finansijski-izvestaj-za-2023.-godinu-small.pdf\">Finansijski izve\u0161taj 2023. godina<\/a><\/h3>\n<\/li>\n<li>\n<h3><a href=\"https:\/\/aerodromisrbije.rs\/sajt\/wp-content\/uploads\/2023\/10\/Finansijski-izvestaj-za-2022.-godinu-small.pdf\">Finansijski izve\u0161taj 2022. godina<\/a><\/h3>\n<\/li>\n<li>\n<h3><a href=\"https:\/\/aerodromisrbije.rs\/sajt\/wp-content\/uploads\/2022\/10\/Finansijski-izvestaj-za-2021-godinu-za-sajt-small.pdf\">Finansijski izve\u0161taj 2021. godina<\/a><\/h3>\n<\/li>\n<li>\n<h3><a href=\"https:\/\/aerodromisrbije.rs\/sajt\/wp-content\/uploads\/2022\/03\/Finansijski-izvestaj-2020-small.pdf\">Finansijski izve\u0161taj 2020. godina<\/a><\/h3>\n<\/li>\n<li>\n<h3><a href=\"https:\/\/aerodromisrbije.rs\/sajt\/wp-content\/uploads\/2022\/03\/Finansijski-izvestaj-2019-small.pdf\">Finansijski izve\u0161taj 2019. godina<\/a><\/h3>\n<\/li>\n<\/ul>\n<p>[\/vc_column_text][\/vc_column][\/vc_row]<\/p>\n","protected":false},"excerpt":{"rendered":"<p>[vc_row][vc_column box=&#8220;true&#8220; bgcolor=&#8220;#ffffff&#8220;][vc_column_text] Finansijski izve\u0161taj 2024. godina Finansijski izve\u0161taj 2023. godina Finansijski izve\u0161taj 2022. godina Finansijski izve\u0161taj 2021. godina Finansijski izve\u0161taj 2020. godina Finansijski izve\u0161taj 2019. godina [\/vc_column_text][\/vc_column][\/vc_row]<\/p>\n","protected":false},"author":2,"featured_media":0,"parent":0,"menu_order":0,"comment_status":"closed","ping_status":"closed","template":"page-templates\/template-fullwidth.php","meta":[],"_links":{"self":[{"href":"https:\/\/aerodromisrbije.rs\/sajt\/wp-json\/wp\/v2\/pages\/2401"}],"collection":[{"href":"https:\/\/aerodromisrbije.rs\/sajt\/wp-json\/wp\/v2\/pages"}],"about":[{"href":"https:\/\/aerodromisrbije.rs\/sajt\/wp-json\/wp\/v2\/types\/page"}],"author":[{"embeddable":true,"href":"https:\/\/aerodromisrbije.rs\/sajt\/wp-json\/wp\/v2\/users\/2"}],"replies":[{"embeddable":true,"href":"https:\/\/aerodromisrbije.rs\/sajt\/wp-json\/wp\/v2\/comments?post=2401"}],"version-history":[{"count":7,"href":"https:\/\/aerodromisrbije.rs\/sajt\/wp-json\/wp\/v2\/pages\/2401\/revisions"}],"predecessor-version":[{"id":6217,"href":"https:\/\/aerodromisrbije.rs\/sajt\/wp-json\/wp\/v2\/pages\/2401\/revisions\/6217"}],"wp:attachment":[{"href":"https:\/\/aerodromisrbije.rs\/sajt\/wp-json\/wp\/v2\/media?parent=2401"}],"curies":[{"name":"wp","href":"https:\/\/api.w.org\/{rel}","templated":true}]}}