{"id":2404,"date":"2020-12-13T12:49:45","date_gmt":"2020-12-13T12:49:45","guid":{"rendered":"https:\/\/aerodromisrbije.rs\/sajt\/?page_id=2404"},"modified":"2026-03-19T12:08:32","modified_gmt":"2026-03-19T11:08:32","slug":"tromesecni-izvestaji","status":"publish","type":"page","link":"https:\/\/aerodromisrbije.rs\/sajt\/tromesecni-izvestaji\/","title":{"rendered":"Tromese\u010dni izve\u0161taji"},"content":{"rendered":"<p>[vc_row][vc_column box=&#8220;true&#8220; bgcolor=&#8220;#ffffff&#8220;][vc_column_text]<\/p>\n<h3>2025.<\/h3>\n<ul>\n<li>\n<h3><a href=\"https:\/\/aerodromisrbije.rs\/sajt\/wp-content\/uploads\/2026\/03\/Kvartalni-IV-2025.pdf\">Tromese\u010dni izve\u0161taj IV 2025.<\/a><\/h3>\n<\/li>\n<li>\n<h3><a href=\"https:\/\/aerodromisrbije.rs\/sajt\/wp-content\/uploads\/2025\/11\/Kvartalni-III-2025.pdf\">Tromese\u010dni izve\u0161taj III 2025.<\/a><\/h3>\n<\/li>\n<li>\n<h3><a href=\"https:\/\/aerodromisrbije.rs\/sajt\/wp-content\/uploads\/2025\/09\/Kvartalni-II-2025.pdf\">Tromese\u010dni izve\u0161taj II 2025.<\/a><\/h3>\n<\/li>\n<li>\n<h3><a href=\"https:\/\/aerodromisrbije.rs\/sajt\/wp-content\/uploads\/2025\/06\/Kvartalni-I-kvartal-2025.pdf\">Tromese\u010dni izve\u0161taj I 2025.<\/a><\/h3>\n<\/li>\n<\/ul>\n<h3>2024.<\/h3>\n<ul>\n<li>\n<h3><a href=\"https:\/\/aerodromisrbije.rs\/sajt\/wp-content\/uploads\/2025\/03\/IV-2024-Izvestaj-o-stepenu-uskladenosti.pdf\">Tromese\u010dni izve\u0161taj IV 2024.<\/a><\/h3>\n<\/li>\n<li>\n<h3><a href=\"https:\/\/aerodromisrbije.rs\/sajt\/wp-content\/uploads\/2025\/03\/AS-Izvestaj-o-realizaciji-III-kvartal-2024.pdf\">Tromese\u010dni izve\u0161taj III 2024.<\/a><\/h3>\n<\/li>\n<li>\n<h3><a href=\"https:\/\/aerodromisrbije.rs\/sajt\/wp-content\/uploads\/2024\/08\/AS%20II%20kvartal%202024.pdf\">Tromese\u010dni izve\u0161taj II 2024.<\/a><\/h3>\n<\/li>\n<li>\n<h3><a href=\"https:\/\/aerodromisrbije.rs\/sajt\/wp-content\/uploads\/2024\/04\/AS-Kvartalni-I-2024.pdf\">Tromese\u010dni izve\u0161taj I 2024.<\/a><\/h3>\n<\/li>\n<\/ul>\n<h3>2023.<\/h3>\n<ul>\n<li>\n<h3><a href=\"https:\/\/aerodromisrbije.rs\/sajt\/wp-content\/uploads\/2024\/04\/AS-Kvartalni-izvestaj-IIII-2023.pdf\">Tromese\u010dni izve\u0161taj IV 2023.<\/a><\/h3>\n<\/li>\n<li>\n<h3><a href=\"https:\/\/aerodromisrbije.rs\/sajt\/wp-content\/uploads\/2024\/01\/AS-Kvartalni-izvestaj-III-2023.pdf\">Tromese\u010dni izve\u0161taj III 2023.<\/a><\/h3>\n<\/li>\n<li>\n<h3><a href=\"https:\/\/aerodromisrbije.rs\/sajt\/wp-content\/uploads\/2023\/10\/Tromesecni-izvestaj-o-realizaciji-godisnjeg-programa-poslovanja-za-period-01.01.-30.06.2023.pdf\">Tromese\u010dni izve\u0161taj II 2023.<\/a><\/h3>\n<\/li>\n<li>\n<h3><a href=\"https:\/\/aerodromisrbije.rs\/sajt\/wp-content\/uploads\/2023\/10\/Tromesecni-izvestaj-o-realizaciji-godisnjeg-programa-poslovanja-za-period-01.01.-31.03.2023-small.pdf\">Tromese\u010dni izve\u0161taj I 2023.<\/a><\/h3>\n<\/li>\n<\/ul>\n<h3>2022.<\/h3>\n<ul>\n<li>\n<h3><a href=\"https:\/\/aerodromisrbije.rs\/sajt\/wp-content\/uploads\/2023\/10\/Tromesecni-izvestaj-o-realizaciji-godisnjeg-programa-poslovanja-za-period-01.01.-31.12.2022-small.pdf\">Tromese\u010dni izve\u0161taj IV 2022.<\/a><\/h3>\n<\/li>\n<li>\n<h3><a href=\"https:\/\/aerodromisrbije.rs\/sajt\/wp-content\/uploads\/2023\/10\/Tromesecni-izvestaj-o-realizaciji-godisnjeg-programa-poslovanja-za-period-01.01.-30.09.2022-small.pdf\">Tromese\u010dni izve\u0161taj III 2022.<\/a><\/h3>\n<\/li>\n<li>\n<h3><a href=\"https:\/\/aerodromisrbije.rs\/sajt\/wp-content\/uploads\/2022\/10\/Tromesecni-izvestaj-za-II-kvartal.pdf\">Tromese\u010dni izve\u0161taj II 2022.<\/a><\/h3>\n<\/li>\n<li>\n<h3><a href=\"https:\/\/aerodromisrbije.rs\/sajt\/wp-content\/uploads\/2022\/10\/AS-Kvartalni-izvestaj-I-2022.pdf\">Tromese\u010dni izve\u0161taj I 2022.<\/a><\/h3>\n<\/li>\n<\/ul>\n<h3>2021.<\/h3>\n<ul>\n<li>\n<h3><a href=\"https:\/\/aerodromisrbije.rs\/sajt\/wp-content\/uploads\/2022\/03\/IV-21-Tromesecni-izvestaj-o-realizaciji-godisnjeg-PP.pdf\">Tromese\u010dni izve\u0161taj IV 2021.<\/a><\/h3>\n<\/li>\n<li>\n<h3><a href=\"https:\/\/aerodromisrbije.rs\/sajt\/wp-content\/uploads\/2022\/03\/III-21-Tromesecni-izvestaj-o-realizaciji-godisnjeg-PP.pdf\">Tromese\u010dni izve\u0161taj III 2021.<\/a><\/h3>\n<\/li>\n<li>\n<h3><a href=\"https:\/\/aerodromisrbije.rs\/sajt\/wp-content\/uploads\/2022\/03\/II-21-Tromesecni-izvestaj-o-realizaciji-godisnjeg-PP.pdf\">Tromese\u010dni izve\u0161taj II 2021.<\/a><\/h3>\n<\/li>\n<li>\n<h3><a href=\"https:\/\/aerodromisrbije.rs\/sajt\/wp-content\/uploads\/2022\/03\/I-21-Tromesecni-izvestaj-o-realizaciji-godisnjeg-PP.pdf\">Tromese\u010dni izve\u0161taj I 2021.<\/a><\/h3>\n<\/li>\n<\/ul>\n<h3>2020.<\/h3>\n<ul>\n<li>\n<h3><a href=\"https:\/\/aerodromisrbije.rs\/sajt\/wp-content\/uploads\/2022\/03\/IV-20-Tromesecni-izvestaj-o-realizaciji-godisnjeg-PP.pdf\">Tromese\u010dni izve\u0161taj IV 2020.<\/a><\/h3>\n<\/li>\n<li>\n<h3><a href=\"https:\/\/aerodromisrbije.rs\/sajt\/wp-content\/uploads\/2022\/03\/III-20-Tromesecni-izvestaj-o-realizaciji-godisnjeg-PP.pdf\">Tromese\u010dni izve\u0161taj III 2020.<\/a><\/h3>\n<\/li>\n<li>\n<h3><a href=\"https:\/\/aerodromisrbije.rs\/sajt\/wp-content\/uploads\/2022\/03\/II-20-Tromesecni-izestaj-o-realizaciji-godisnjeg-PP.pdf\">Tromese\u010dni izve\u0161taj II 2020.<\/a><\/h3>\n<\/li>\n<li>\n<h3><a href=\"https:\/\/aerodromisrbije.rs\/sajt\/wp-content\/uploads\/2022\/03\/I-20-Tromesecni-izvestaj-o-realizaciji-godisnjeg-PP.pdf\">Tromese\u010dni izve\u0161taj I 2020.<\/a><\/h3>\n<\/li>\n<\/ul>\n<h3>2019<\/h3>\n<ul class=\"&quot;bullet\">\n<li>\n<h3><a href=\"https:\/\/aerodromisrbije.rs\/sajt\/wp-content\/uploads\/2020\/12\/Tromesecni-Izvestaj-IV-2019..pdf\">Tromese\u010dni izve\u0161taj IV 2019.<\/a><\/h3>\n<\/li>\n<\/ul>\n<p>[\/vc_column_text][\/vc_column][\/vc_row][vc_row][vc_column][vc_column_text]<\/p>\n<p>[\/vc_column_text][\/vc_column][\/vc_row]<\/p>\n","protected":false},"excerpt":{"rendered":"<p>[vc_row][vc_column box=&#8220;true&#8220; bgcolor=&#8220;#ffffff&#8220;][vc_column_text] 2025. Tromese\u010dni izve\u0161taj IV 2025. Tromese\u010dni izve\u0161taj III 2025. Tromese\u010dni izve\u0161taj II 2025. Tromese\u010dni izve\u0161taj I 2025. 2024. Tromese\u010dni izve\u0161taj IV 2024. Tromese\u010dni izve\u0161taj III 2024. Tromese\u010dni izve\u0161taj II 2024. Tromese\u010dni izve\u0161taj I 2024. 2023. Tromese\u010dni izve\u0161taj IV 2023. Tromese\u010dni izve\u0161taj III 2023. Tromese\u010dni izve\u0161taj II 2023. Tromese\u010dni izve\u0161taj I 2023. 2022. [&hellip;]<\/p>\n","protected":false},"author":2,"featured_media":0,"parent":0,"menu_order":0,"comment_status":"closed","ping_status":"closed","template":"page-templates\/template-fullwidth.php","meta":[],"_links":{"self":[{"href":"https:\/\/aerodromisrbije.rs\/sajt\/wp-json\/wp\/v2\/pages\/2404"}],"collection":[{"href":"https:\/\/aerodromisrbije.rs\/sajt\/wp-json\/wp\/v2\/pages"}],"about":[{"href":"https:\/\/aerodromisrbije.rs\/sajt\/wp-json\/wp\/v2\/types\/page"}],"author":[{"embeddable":true,"href":"https:\/\/aerodromisrbije.rs\/sajt\/wp-json\/wp\/v2\/users\/2"}],"replies":[{"embeddable":true,"href":"https:\/\/aerodromisrbije.rs\/sajt\/wp-json\/wp\/v2\/comments?post=2404"}],"version-history":[{"count":14,"href":"https:\/\/aerodromisrbije.rs\/sajt\/wp-json\/wp\/v2\/pages\/2404\/revisions"}],"predecessor-version":[{"id":6720,"href":"https:\/\/aerodromisrbije.rs\/sajt\/wp-json\/wp\/v2\/pages\/2404\/revisions\/6720"}],"wp:attachment":[{"href":"https:\/\/aerodromisrbije.rs\/sajt\/wp-json\/wp\/v2\/media?parent=2404"}],"curies":[{"name":"wp","href":"https:\/\/api.w.org\/{rel}","templated":true}]}}