{"id":2416,"date":"2020-12-13T12:53:16","date_gmt":"2020-12-13T12:53:16","guid":{"rendered":"https:\/\/aerodromisrbije.rs\/sajt\/?page_id=2416"},"modified":"2026-01-21T10:27:34","modified_gmt":"2026-01-21T09:27:34","slug":"opsti-akti","status":"publish","type":"page","link":"https:\/\/aerodromisrbije.rs\/sajt\/opsti-akti\/","title":{"rendered":"Op\u0161ti akti"},"content":{"rendered":"<p>[vc_row][vc_column box=&#8220;true&#8220; bgcolor=&#8220;#ffffff&#8220;][vc_column_text]<\/p>\n<ul class=\"&quot;bullet\">\n<li>\n<h3><a href=\"https:\/\/aerodromisrbije.rs\/sajt\/wp-content\/uploads\/2023\/03\/PRAVILNIK-O-ZASTITI-PODATAKA-O-LICNOSTI.pdf\">Pravilnik o za\u0161titi podataka o li\u010dnosti<\/a><\/h3>\n<\/li>\n<li>\n<h3><a href=\"https:\/\/aerodromisrbije.rs\/sajt\/wp-content\/uploads\/2020\/12\/Pravilnik-o-postupku-unutrasnjeg-uzbunjivanja-kod-poslodavca.pdf\">Pravilnik o postupku unutra\u0161njeg uzbunjivanja<\/a><\/h3>\n<\/li>\n<li>\n<h3><a href=\"https:\/\/aerodromisrbije.rs\/sajt\/wp-content\/uploads\/2023\/07\/Pravilnik-o-bezbednosti-informaciono-komunikacionog-sistema.pdf\">Pravilnik o bezbednosti informaciono-komunikacionog sistema<\/a><\/h3>\n<\/li>\n<\/ul>\n<p>[\/vc_column_text][\/vc_column][\/vc_row][vc_row][vc_column][vc_column_text]<\/p>\n<p>[\/vc_column_text][\/vc_column][\/vc_row]<\/p>\n","protected":false},"excerpt":{"rendered":"<p>[vc_row][vc_column box=&#8220;true&#8220; bgcolor=&#8220;#ffffff&#8220;][vc_column_text] Pravilnik o za\u0161titi podataka o li\u010dnosti Pravilnik o postupku unutra\u0161njeg uzbunjivanja Pravilnik o bezbednosti informaciono-komunikacionog sistema [\/vc_column_text][\/vc_column][\/vc_row][vc_row][vc_column][vc_column_text] [\/vc_column_text][\/vc_column][\/vc_row]<\/p>\n","protected":false},"author":2,"featured_media":0,"parent":0,"menu_order":0,"comment_status":"closed","ping_status":"closed","template":"page-templates\/template-fullwidth.php","meta":[],"_links":{"self":[{"href":"https:\/\/aerodromisrbije.rs\/sajt\/wp-json\/wp\/v2\/pages\/2416"}],"collection":[{"href":"https:\/\/aerodromisrbije.rs\/sajt\/wp-json\/wp\/v2\/pages"}],"about":[{"href":"https:\/\/aerodromisrbije.rs\/sajt\/wp-json\/wp\/v2\/types\/page"}],"author":[{"embeddable":true,"href":"https:\/\/aerodromisrbije.rs\/sajt\/wp-json\/wp\/v2\/users\/2"}],"replies":[{"embeddable":true,"href":"https:\/\/aerodromisrbije.rs\/sajt\/wp-json\/wp\/v2\/comments?post=2416"}],"version-history":[{"count":6,"href":"https:\/\/aerodromisrbije.rs\/sajt\/wp-json\/wp\/v2\/pages\/2416\/revisions"}],"predecessor-version":[{"id":6580,"href":"https:\/\/aerodromisrbije.rs\/sajt\/wp-json\/wp\/v2\/pages\/2416\/revisions\/6580"}],"wp:attachment":[{"href":"https:\/\/aerodromisrbije.rs\/sajt\/wp-json\/wp\/v2\/media?parent=2416"}],"curies":[{"name":"wp","href":"https:\/\/api.w.org\/{rel}","templated":true}]}}