{"id":2430,"date":"2020-12-13T13:37:18","date_gmt":"2020-12-13T13:37:18","guid":{"rendered":"https:\/\/aerodromisrbije.rs\/sajt\/?page_id=2430"},"modified":"2026-03-20T11:21:12","modified_gmt":"2026-03-20T10:21:12","slug":"dokumenta","status":"publish","type":"page","link":"https:\/\/aerodromisrbije.rs\/sajt\/dokumenta\/","title":{"rendered":"Dokumenta"},"content":{"rendered":"<p>[vc_row][vc_column box=&#8220;true&#8220; bgcolor=&#8220;#ffffff&#8220;][vc_column_text]<\/p>\n<h3>2026. GODINA<\/h3>\n<ul class=\"&quot;bullet\">\n<li>\n<h3><a href=\"https:\/\/aerodromisrbije.rs\/sajt\/wp-content\/uploads\/2026\/03\/Plan-javnih-nabavki-za-2026.-godinu-Verzija-1.pdf\">PLAN JAVNIH NABAVKI ZA 2026. GODINU<\/a><\/h3>\n<\/li>\n<\/ul>\n<h3>2025. GODINA<\/h3>\n<ul class=\"&quot;bullet\">\n<li>\n<h3><a href=\"https:\/\/aerodromisrbije.rs\/sajt\/wp-content\/uploads\/2025\/12\/Izmenjena-verzija-plana-nabavki-verzija-9.pdf\">VERZIJA 9 PLANA JAVNIH NABAVKI ZA 2025. GODINU<\/a><\/h3>\n<\/li>\n<li>\n<h3><a href=\"https:\/\/aerodromisrbije.rs\/sajt\/wp-content\/uploads\/2025\/11\/Izmenjena-verzija-plana-nabavki-verzija-8.pdf\">VERZIJA 8 PLANA JAVNIH NABAVKI ZA 2025. GODINU<\/a><\/h3>\n<\/li>\n<li>\n<h3><a href=\"https:\/\/aerodromisrbije.rs\/sajt\/wp-content\/uploads\/2025\/09\/Izmenjena-verzija-plana-nabavki-verzija-7.pdf\">VERZIJA 7 PLANA JAVNIH NABAVKI ZA 2025. GODINU<\/a><\/h3>\n<\/li>\n<li>\n<h3><a href=\"https:\/\/aerodromisrbije.rs\/sajt\/wp-content\/uploads\/2025\/08\/Plan-javnih-nabavki-v6.pdf\">VERZIJA 6 PLANA JAVNIH NABAVKI ZA 2025. GODINU<\/a><\/h3>\n<\/li>\n<li>\n<h3><a href=\"https:\/\/aerodromisrbije.rs\/sajt\/wp-content\/uploads\/2025\/08\/Verzija-5-Izmenjena-verzija-plana-nabavki.pdf\">VERZIJA 5 PLANA JAVNIH NABAVKI ZA 2025. GODINU<\/a><\/h3>\n<\/li>\n<li>\n<h3><a href=\"https:\/\/aerodromisrbije.rs\/sajt\/wp-content\/uploads\/2025\/07\/Izmenjena-verzija-plana-nabavki-verzija-4.pdf\">VERZIJA 4 PLANA JAVNIH NABAVKI ZA 2025. GODINU<\/a><\/h3>\n<\/li>\n<li>\n<h3><a href=\"https:\/\/aerodromisrbije.rs\/sajt\/wp-content\/uploads\/2025\/06\/Plan-javnih-nabavki-za-2025-Verzija-3.pdf\">VERZIJA 3 PLANA JAVNIH NABAVKI ZA 2025. GODINU<\/a><\/h3>\n<\/li>\n<li>\n<h3><a href=\"https:\/\/aerodromisrbije.rs\/sajt\/wp-content\/uploads\/2025\/03\/Plan-javnih-nabavki-za-2025-Verzija-2.pdf\">VERZIJA 2 PLANA JAVNIH NABAVKI ZA 2025. GODINU<\/a><\/h3>\n<\/li>\n<li>\n<h3><a href=\"https:\/\/aerodromisrbije.rs\/sajt\/wp-content\/uploads\/2025\/02\/Plan-javnih-nabavki-za-2025.-godinu-Verzija-1.pdf\">PLAN JAVNIH NABAVKI ZA 2025. GODINU<\/a><\/h3>\n<\/li>\n<li>\n<h3><a href=\"https:\/\/aerodromisrbije.rs\/sajt\/wp-content\/uploads\/2025\/02\/Pravilnik-o-izmeni-Pravilnika-JN-1453_25-od-12.02.25..pdf\">PRAVLNIK O IZMENI PRAVILNIKA O BLI\u017dEM URE\u0110IVAN\u0458U NA\u010cINA PLANIRAN\u0458A, SPROVO\u0110EN\u0458E POSTUPKA JAVNE NABAVKE I PRA\u0106EN\u0458A IZVR\u0160EN\u0458A UGOVORA O JAVNOJ NABAVCI, NA\u010cINA PLANIRAN\u0458A I SPROVO\u0110EN\u0458A NABAVKI NA KOJE SE ZAKON NE PRIMEN\u0458UJE<\/a><\/h3>\n<\/li>\n<\/ul>\n<h3>2024. GODINA<\/h3>\n<ul class=\"&quot;bullet\">\n<li>\n<h3><a href=\"https:\/\/aerodromisrbije.rs\/sajt\/wp-content\/uploads\/2024\/11\/Izmenjena-verzija-plana-nabavki-verzija-4.pdf\">VERZIJA 4 PLANA JAVNIH NABAVKI ZA 2024. GODINU<\/a><\/h3>\n<\/li>\n<li>\n<h3><a href=\"https:\/\/aerodromisrbije.rs\/sajt\/wp-content\/uploads\/2024\/10\/Izmenjena-verzija-plana-javnih-nabavki-Verzija-3.pdf\">VERZIJA 3 PLANA JAVNIH NABAVKI ZA 2024. GODINU<\/a><\/h3>\n<\/li>\n<li>\n<h3><a href=\"https:\/\/aerodromisrbije.rs\/sajt\/wp-content\/uploads\/2024\/03\/Izmenjena-verzija-plana-javnih-nabavki-Verzija-2.pdf\">VERZIJA 2 PLANA JAVNIH NABAVKI ZA 2024. GODINU<\/a><\/h3>\n<\/li>\n<li>\n<h3><a href=\"https:\/\/aerodromisrbije.rs\/sajt\/wp-content\/uploads\/2024\/01\/Plan-javnih-nabavki-za-2024.-god.pdf\">PLAN JAVNIH NABAVKI ZA 2024. GODINU<\/a><\/h3>\n<\/li>\n<\/ul>\n<h3>2023. GODINA<\/h3>\n<ul class=\"&quot;bullet\">\n<li>\n<h3><a href=\"https:\/\/aerodromisrbije.rs\/sajt\/wp-content\/uploads\/2023\/12\/Izmenjena-verzija-plana-javnih-nabavki-verzija-4.pdf\">VERZIJA 4 PLANA JAVNIH NABAVKI ZA 2023. GODINU<\/a><\/h3>\n<\/li>\n<li>\n<h3><a href=\"https:\/\/aerodromisrbije.rs\/sajt\/wp-content\/uploads\/2023\/11\/Izmenjena-verzija-plana-javnih-nabavki-Verzija-3.pdf\">VERZIJA 3 PLANA JAVNIH NABAVKI ZA 2023. GODINU<\/a><\/h3>\n<\/li>\n<li>\n<h3><a href=\"https:\/\/aerodromisrbije.rs\/sajt\/wp-content\/uploads\/2023\/09\/VERZIJA-2-PLANA-JAVNIH-NABAVKI-ZA-2023.-GODINU.pdf\">VERZIJA 2 PLANA JAVNIH NABAVKI ZA 2023. GODINU<\/a><\/h3>\n<\/li>\n<li>\n<h3><a href=\"https:\/\/aerodromisrbije.rs\/sajt\/wp-content\/uploads\/2023\/08\/Pravilnik-o-blizem-uredjivanju-nacina-planiranja..od-30.06.23..pdf\">PRAVILNIK O BLI\u017dEM URE\u0110IVAN\u0458U NA\u010cINA PLANIRAN\u0458A OD\u00a030.06.23.<\/a><\/h3>\n<\/li>\n<li>\n<h3><a href=\"https:\/\/aerodromisrbije.rs\/sajt\/wp-content\/uploads\/2023\/03\/Plan-javnih-nabavki-2023.pdf\">PLAN JAVNIH NABAVKI ZA 2023. GODINU<\/a><\/h3>\n<\/li>\n<\/ul>\n<h3>2022. GODINA<\/h3>\n<ul class=\"&quot;bullet\">\n<li>\n<h3><a href=\"https:\/\/aerodromisrbije.rs\/sajt\/wp-content\/uploads\/2022\/12\/Izmenjena-verzija-plana-javnih-nabavki-verzija-6.pdf\">VERZIJA 6 PLANA JAVNIH NABAVKI ZA 2022. GODINU<\/a><\/h3>\n<\/li>\n<li>\n<h3><a href=\"https:\/\/aerodromisrbije.rs\/sajt\/wp-content\/uploads\/2022\/08\/Odluka.pdf\">VERZIJA 5 PLANA JAVNIH NABAVKI ZA 2022. GODINU<\/a><\/h3>\n<\/li>\n<li>\n<h3><a href=\"https:\/\/aerodromisrbije.rs\/sajt\/wp-content\/uploads\/2022\/08\/VERZIJA-4-PLANA-JAVNIH-NABAVKI-ZA-2022.-GODINU.pdf\">VERZIJA 4 PLANA JAVNIH NABAVKI ZA 2022. GODINU<\/a><\/h3>\n<\/li>\n<li>\n<h3><a href=\"https:\/\/aerodromisrbije.rs\/sajt\/wp-content\/uploads\/2022\/05\/VERZIJA-3-PLANA-JAVNIH-NABAVKI-ZA-2022.-GODINU.pdf\">VERZIJA 3 PLANA JAVNIH NABAVKI ZA 2022. GODINU<\/a><\/h3>\n<\/li>\n<li>\n<h3><a href=\"https:\/\/aerodromisrbije.rs\/sajt\/wp-content\/uploads\/2022\/03\/VERZIJA-2-PLANA-JAVNIH-NABAVKI-ZA-2022.-GODINU.pdf\">VERZIJA 2 PLANA JAVNIH NABAVKI ZA 2022. GODINU<\/a><\/h3>\n<\/li>\n<li>\n<h3><a href=\"https:\/\/aerodromisrbije.rs\/sajt\/wp-content\/uploads\/2022\/03\/PLAN-JAVNIH-NABAVKI-ZA-2022.-GODINU.pdf\">PLAN JAVNIH NABAVKI ZA 2022. GODINU<\/a><\/h3>\n<\/li>\n<\/ul>\n<h3>2021. GODINA<\/h3>\n<ul class=\"&quot;bullet\">\n<li>\n<h3><a href=\"https:\/\/aerodromisrbije.rs\/sajt\/wp-content\/uploads\/2022\/03\/6-Izmena-Plana-javnih-nabavki-2021.pdf\">VERZIJA 6 PLANA JAVNIH NABAVKI ZA 2021. GODINU<\/a><\/h3>\n<\/li>\n<li>\n<h3><a href=\"https:\/\/aerodromisrbije.rs\/sajt\/wp-content\/uploads\/2022\/03\/5-Izmena-Plana-javnih-nabavki-2021.pdf\">VERZIJA 5 PLANA JAVNIH NABAVKI ZA 2021. GODINU<\/a><\/h3>\n<\/li>\n<li>\n<h3><a href=\"https:\/\/aerodromisrbije.rs\/sajt\/wp-content\/uploads\/2022\/03\/4-Izmena-Plana-javnih-nabavki-2021.pdf\">VERZIJA 4 PLANA JAVNIH NABAVKI ZA 2021. GODINU<\/a><\/h3>\n<\/li>\n<li>\n<h3><a href=\"https:\/\/aerodromisrbije.rs\/sajt\/wp-content\/uploads\/2022\/03\/3-Izmena-Plana-javnih-nabavki-2021.pdf\">VERZIJA 3 PLANA JAVNIH NABAVKI ZA 2021. GODINU<\/a><\/h3>\n<\/li>\n<li>\n<h3><a href=\"https:\/\/aerodromisrbije.rs\/sajt\/wp-content\/uploads\/2022\/03\/2-Izmena-Plana-javnih-nabavki-2021.pdf\">VERZIJA 2 PLANA JAVNIH NABAVKI ZA 2021. GODINU<\/a><\/h3>\n<\/li>\n<li>\n<h3><a href=\"https:\/\/aerodromisrbije.rs\/sajt\/wp-content\/uploads\/2021\/03\/Plan-javnih-nabavki.xlsx\">PLAN JAVNIH NABAVKI ZA 2021. GODINU<\/a><\/h3>\n<\/li>\n<li>\n<h3><a href=\"https:\/\/aerodromisrbije.rs\/sajt\/wp-content\/uploads\/2021\/03\/\u041f\u0440\u0430\u0432\u0438\u043b\u043d\u0438\u043a-\u043f\u043b\u0430\u043d\u0438\u0440\u0430\u045a\u04351.pdf\">PRAVILNIK &#8211; PLANIRANJE, SPROVO\u0110ENJE JAVNIH NABAVKI, PRA\u0106ENJE IZVR\u0160ENJA UGOVORA, PLANIRANJE I SPROVO\u0110ENJE NABAVKI NA KOJE SE ZAKON NE PRIMENJUJE<\/a><\/h3>\n<\/li>\n<\/ul>\n<h3>2020. GODINA<\/h3>\n<ul class=\"&quot;bullet\">\n<li>\n<h3><a href=\"https:\/\/aerodromisrbije.rs\/sajt\/wp-content\/uploads\/2022\/03\/4-Izmena-Plana-javnih-nabavki-2020.pdf\">PRVA IZMENA I DOPUNA PLANA JAVNIH NABAVKI USKLA\u0110ENIH SA ODREDBAMA NOVOG ZJN ZA 2020. GODINU<\/a><\/h3>\n<\/li>\n<li>\n<h3><a href=\"https:\/\/aerodromisrbije.rs\/sajt\/wp-content\/uploads\/2022\/03\/3-Izmena-Plana-javnih-nabavki-2020.pdf\">PLAN JAVNIH NABAVKI USKLA\u0110EN SA ODREDBAMA NOVOG ZJN ZA 2020. GODINU<\/a><\/h3>\n<\/li>\n<li>\n<h3><a href=\"https:\/\/aerodromisrbije.rs\/sajt\/wp-content\/uploads\/2020\/12\/DRUGA-IZMENA-I-DOPUNA-PLANA-JAVNIH-NABAVKI-ZA-2020.-GODINU.pdf\">DRUGA IZMENA I DOPUNA PLANA JAVNIH NABAVKI ZA 2020. GODINU<\/a><\/h3>\n<\/li>\n<li>\n<h3><a href=\"https:\/\/aerodromisrbije.rs\/sajt\/wp-content\/uploads\/2020\/12\/DRUGA-DOPUNA-PLANA-JAVNIH-NABAVKI-ZA-2020.-GODINU.pdf\">PRVA IZMENA I DOPUNA PLANA JAVNIH NABAVKI ZA 2020. GODINU<\/a><\/h3>\n<\/li>\n<li>\n<h3><a href=\"https:\/\/aerodromisrbije.rs\/sajt\/wp-content\/uploads\/2020\/12\/PLAN-JAVNIH-NABAVKI-ZA-2020.-GODINU.pdf\">PLAN JAVNIH NABAVKI ZA 2020. GODINU<\/a><\/h3>\n<\/li>\n<\/ul>\n<h3>2019. GODINA<\/h3>\n<ul class=\"&quot;bullet\">\n<li>\n<h3><a href=\"https:\/\/aerodromisrbije.rs\/sajt\/wp-content\/uploads\/2020\/12\/PETA-DOPUNA-PLANA-JAVNIH-NABAVKI-ZA-2019.-GODINU.pdf\">PETA DOPUNA PLANA JAVNIH NABAVKI ZA 2019. GODINU<\/a><\/h3>\n<\/li>\n<li>\n<h3><a href=\"https:\/\/aerodromisrbije.rs\/sajt\/wp-content\/uploads\/2020\/12\/CETVRTA-DOPUNA-PLANA-JAVNIH-NABAVKI-ZA-2019.-GODINU.pdf\">\u010cETVRTA DOPUNA PLANA JAVNIH NABAVKI ZA 2019. GODINU<\/a><\/h3>\n<\/li>\n<li>\n<h3><a href=\"https:\/\/aerodromisrbije.rs\/sajt\/wp-content\/uploads\/2020\/12\/TRECA-DOPUNA-PLANA-JAVNIH-NABAVKI-ZA-2019.-GODINU.pdf\">TRE\u0106A DOPUNA PLANA JAVNIH NABAVKI ZA 2019. GODINU<\/a><\/h3>\n<\/li>\n<li>\n<h3><a href=\"https:\/\/aerodromisrbije.rs\/sajt\/wp-content\/uploads\/2020\/12\/DRUGA-DOPUNA-PLANA-JAVNIH-NABAVKI-ZA-2019.-GODINU.pdf\">DRUGA DOPUNA PLANA JAVNIH NABAVKI ZA 2019. GODINU<\/a><\/h3>\n<\/li>\n<li>\n<h3><a href=\"https:\/\/aerodromisrbije.rs\/sajt\/wp-content\/uploads\/2020\/12\/PLAN-JAVNIH-NABAVKI-ZA-2019.-GODINU.pdf\">PLAN JAVNIH NABAVKI ZA 2019. GODINU<\/a><\/h3>\n<\/li>\n<\/ul>\n<h3>2018. GODINA<\/h3>\n<ul class=\"&quot;bullet\">\n<li>\n<h3><a href=\"https:\/\/aerodromisrbije.rs\/sajt\/wp-content\/uploads\/2022\/04\/Pravilnik-o-blizem-uredjivanju-postupka-javne-nabavke.pdf\">PRAVILNIK O BLI\u017dEM URE\u0110IVANJU POSTUPKA JAVNIE NABAVKE<\/a><\/h3>\n<\/li>\n<\/ul>\n<div id=\"gtx-trans\" style=\"position: absolute; left: 23px; top: 40.9375px;\">\n<div class=\"gtx-trans-icon\"><\/div>\n<\/div>\n<p>[\/vc_column_text][\/vc_column][\/vc_row][vc_row][vc_column][vc_column_text]<\/p>\n<p>[\/vc_column_text][\/vc_column][\/vc_row]<\/p>\n","protected":false},"excerpt":{"rendered":"<p>[vc_row][vc_column box=&#8220;true&#8220; bgcolor=&#8220;#ffffff&#8220;][vc_column_text] 2026. GODINA PLAN JAVNIH NABAVKI ZA 2026. GODINU 2025. GODINA VERZIJA 9 PLANA JAVNIH NABAVKI ZA 2025. GODINU VERZIJA 8 PLANA JAVNIH NABAVKI ZA 2025. GODINU VERZIJA 7 PLANA JAVNIH NABAVKI ZA 2025. GODINU VERZIJA 6 PLANA JAVNIH NABAVKI ZA 2025. GODINU VERZIJA 5 PLANA JAVNIH NABAVKI ZA 2025. GODINU VERZIJA 4 [&hellip;]<\/p>\n","protected":false},"author":2,"featured_media":0,"parent":0,"menu_order":0,"comment_status":"closed","ping_status":"closed","template":"page-templates\/template-fullwidth.php","meta":[],"_links":{"self":[{"href":"https:\/\/aerodromisrbije.rs\/sajt\/wp-json\/wp\/v2\/pages\/2430"}],"collection":[{"href":"https:\/\/aerodromisrbije.rs\/sajt\/wp-json\/wp\/v2\/pages"}],"about":[{"href":"https:\/\/aerodromisrbije.rs\/sajt\/wp-json\/wp\/v2\/types\/page"}],"author":[{"embeddable":true,"href":"https:\/\/aerodromisrbije.rs\/sajt\/wp-json\/wp\/v2\/users\/2"}],"replies":[{"embeddable":true,"href":"https:\/\/aerodromisrbije.rs\/sajt\/wp-json\/wp\/v2\/comments?post=2430"}],"version-history":[{"count":37,"href":"https:\/\/aerodromisrbije.rs\/sajt\/wp-json\/wp\/v2\/pages\/2430\/revisions"}],"predecessor-version":[{"id":6726,"href":"https:\/\/aerodromisrbije.rs\/sajt\/wp-json\/wp\/v2\/pages\/2430\/revisions\/6726"}],"wp:attachment":[{"href":"https:\/\/aerodromisrbije.rs\/sajt\/wp-json\/wp\/v2\/media?parent=2430"}],"curies":[{"name":"wp","href":"https:\/\/api.w.org\/{rel}","templated":true}]}}