{"id":2545,"date":"2020-12-15T16:05:19","date_gmt":"2020-12-15T16:05:19","guid":{"rendered":"https:\/\/aerodromisrbije.rs\/sajt\/?page_id=2545"},"modified":"2023-02-10T11:53:09","modified_gmt":"2023-02-10T10:53:09","slug":"o-skolskom-centru","status":"publish","type":"page","link":"https:\/\/aerodromisrbije.rs\/sajt\/o-skolskom-centru\/","title":{"rendered":"O \u0161kolskom centru"},"content":{"rendered":"<p>[vc_row][vc_column box=&#8220;true&#8220; bgcolor=&#8220;#ffffff&#8220;][vc_single_image image=&#8220;1678&#8243; img_size=&#8220;full&#8220; alignment=&#8220;center&#8220;][vc_column_text]Centar za obuku Aerodromi Srbije doo Ni\u0161 formiran je i specijalizovan za obuku osoblja koje obavlja poslove u civilnom vazduhoplovstvu.<\/p>\n<p>Centar za obuku Aerodromi Srbije doo Ni\u0161 poseduje potvrde o pravu na obu\u010davanje osoblja iz slede\u0107ih oblasti:<\/p>\n<ul>\n<li><a href=\"https:\/\/aerodromisrbije.rs\/sajt\/wp-content\/uploads\/2023\/02\/13.-RESENJE-PRAVO-NA-OBUCAVANJE-03-SZO.pdf\">Re\u0161enje o pravu na obu\u010davanje osoblja koje pru\u017ea usluge zemaljskog opslu\u017eivanja i aerodromskog dispe\u010dera<\/a><\/li>\n<li><a href=\"https:\/\/aerodromisrbije.rs\/sajt\/wp-content\/uploads\/2021\/07\/RESENJE-SA-POTVRDOM-KIP.pdf\">Potvrdu o pravu na obu\u010davanje osoblja koje kontroli\u0161e ispravnost povr\u0161ina za kretanje vazduhoplova<\/a><\/li>\n<li><a href=\"https:\/\/aerodromisrbije.rs\/sajt\/wp-content\/uploads\/2023\/02\/18.-RESENJE-PRAVO-NA-OBUCAVANJE-SVO.pdf\">Re\u0161enje o pravu na obu\u010davanje vatrogasno &#8211; spasila\u010dkog osoblja<\/a><\/li>\n<li><a href=\"https:\/\/aerodromisrbije.rs\/sajt\/wp-content\/uploads\/2021\/07\/resenje-Odobrenje-programa-DGR.pdf\">Re\u0161enje o pravu na osposobl\u0458avanje zaposlenih na poslovima u transportu opasnog tereta u vazdu\u0161nom saobra\u0107aju<\/a><\/li>\n<li><a href=\"https:\/\/aerodromisrbije.rs\/sajt\/wp-content\/uploads\/2023\/02\/24.-POTVRDA-O-PRAVU-NA-OBUCAVANJE-OBEZB..pdf\">Potvrdu o pravu na obu\u010davanje vazduhoplovnog osobl\u0458a u oblasti obezbe\u0111ivanja u vazduhoplovstvu<\/a><\/li>\n<\/ul>\n<p>Centar za obuku Aerodromi Srbije doo Ni\u0161 poseduje adekvatan prostor opremljen savremenim sredstvima i materijalima za sprovo\u0111enje obuke.<\/p>\n<p>Tokom obuke, koriste se priru\u010dnici i skripte koje je izradio tim instruktora iz razli\u010ditih oblasti vazdu\u0161nog saobra\u0107aja.<\/p>\n<p>Obuka se realizuje prema specijalizovanim i efikasnim nastavnim planovima i programima. Licencirani instruktori izvode teorijski i prakti\u010dni deo obuke.<br \/>\nOdobrenje za rad, saglasnost na nastavni plan i program, licenciranje nastavnog osoblja i kontrolu rada Centra za obuku vr\u0161i Direktorat civilnog vazduhoplovstva Republike Srbije.<\/p>\n<p>Centar za obuku Aerodromi Srbije doo Ni\u0161 izdaje potvrde o obu\u010denosti koje su priznate i na drugim aerodromima.[\/vc_column_text]    <div class=\"row\">\n                        \n        <div class=\"col-md-4 col-sm-6 col-xs-12\">\n            <div class=\"gallery-block text-center mb30\">\n                <div class=\"gallery-img mb30\">\n                    <a href=\"https:\/\/aerodromisrbije.rs\/sajt\/wp-content\/uploads\/2019\/12\/obuka-nis-2-1.jpg\" class=\"image-link\"><img src=\"https:\/\/aerodromisrbije.rs\/sajt\/wp-content\/uploads\/2019\/12\/obuka-nis-2-1.jpg\" class=\"img-responsive\" alt=\"\"><\/a>\n                <\/div>\n            <\/div>\n        <\/div>\n                        \n        <div class=\"col-md-4 col-sm-6 col-xs-12\">\n            <div class=\"gallery-block text-center mb30\">\n                <div class=\"gallery-img mb30\">\n                    <a href=\"https:\/\/aerodromisrbije.rs\/sajt\/wp-content\/uploads\/2019\/12\/obuka-nis-3.jpg\" class=\"image-link\"><img src=\"https:\/\/aerodromisrbije.rs\/sajt\/wp-content\/uploads\/2019\/12\/obuka-nis-3.jpg\" class=\"img-responsive\" alt=\"\"><\/a>\n                <\/div>\n            <\/div>\n        <\/div>\n          <\/div>\n[\/vc_column][\/vc_row]<\/p>\n","protected":false},"excerpt":{"rendered":"<p>[vc_row][vc_column box=&#8220;true&#8220; bgcolor=&#8220;#ffffff&#8220;][vc_single_image image=&#8220;1678&#8243; img_size=&#8220;full&#8220; alignment=&#8220;center&#8220;][vc_column_text]Centar za obuku Aerodromi Srbije doo Ni\u0161 formiran je i specijalizovan za obuku osoblja koje obavlja poslove u civilnom vazduhoplovstvu. Centar za obuku Aerodromi Srbije doo Ni\u0161 poseduje potvrde o pravu na obu\u010davanje osoblja iz slede\u0107ih oblasti: Re\u0161enje o pravu na obu\u010davanje osoblja koje pru\u017ea usluge zemaljskog opslu\u017eivanja i aerodromskog [&hellip;]<\/p>\n","protected":false},"author":2,"featured_media":0,"parent":0,"menu_order":0,"comment_status":"closed","ping_status":"closed","template":"page-templates\/template-fullwidth.php","meta":[],"_links":{"self":[{"href":"https:\/\/aerodromisrbije.rs\/sajt\/wp-json\/wp\/v2\/pages\/2545"}],"collection":[{"href":"https:\/\/aerodromisrbije.rs\/sajt\/wp-json\/wp\/v2\/pages"}],"about":[{"href":"https:\/\/aerodromisrbije.rs\/sajt\/wp-json\/wp\/v2\/types\/page"}],"author":[{"embeddable":true,"href":"https:\/\/aerodromisrbije.rs\/sajt\/wp-json\/wp\/v2\/users\/2"}],"replies":[{"embeddable":true,"href":"https:\/\/aerodromisrbije.rs\/sajt\/wp-json\/wp\/v2\/comments?post=2545"}],"version-history":[{"count":6,"href":"https:\/\/aerodromisrbije.rs\/sajt\/wp-json\/wp\/v2\/pages\/2545\/revisions"}],"predecessor-version":[{"id":4280,"href":"https:\/\/aerodromisrbije.rs\/sajt\/wp-json\/wp\/v2\/pages\/2545\/revisions\/4280"}],"wp:attachment":[{"href":"https:\/\/aerodromisrbije.rs\/sajt\/wp-json\/wp\/v2\/media?parent=2545"}],"curies":[{"name":"wp","href":"https:\/\/api.w.org\/{rel}","templated":true}]}}