{"id":2551,"date":"2020-12-15T16:08:46","date_gmt":"2020-12-15T16:08:46","guid":{"rendered":"https:\/\/aerodromisrbije.rs\/sajt\/?page_id=2551"},"modified":"2021-07-20T09:02:32","modified_gmt":"2021-07-20T08:02:32","slug":"prijava-kandidata","status":"publish","type":"page","link":"https:\/\/aerodromisrbije.rs\/sajt\/prijava-kandidata\/","title":{"rendered":"Prijava kandidata"},"content":{"rendered":"<p>[vc_row][vc_column box=&#8220;true&#8220; bgcolor=&#8220;#ffffff&#8220;][vc_column_text]Pripremnu dokumentaciju za realizaciju obuke dostavl\u0458aju kandidati pre realizacije obuke ili privredni subjekt koji zahteva realizaciju obuke za svoje zaposlene.<\/p>\n<p>Spisak dokumentacije koju kandidati dostavl\u0458aju pre realizacije obuke zavisi od oblasti iz koje se obuka realizuje i ista je predvi\u0111ena Priru\u010dnikom o radu \/ o obuci centra za obuku za svaku oblast. Dokumentacija sadr\u017ei slede\u0107e:<\/p>\n<ul>\n<li>Zahtev za realizaciju obuke (dostavl\u0458en od privrednog subjekta ili resornog rukovodioca ako je u pitanju interna obuka u okviru Dru\u0161tva);<\/li>\n<li>Prijava za obuku (popunjava kandidat);<\/li>\n<li>Kopija li\u010dne isprave;<\/li>\n<li>Kopija lekarskog uverenja;<\/li>\n<li>Kopija sertifkata engleskog jezika (ukoliko je to regulatorni zahtev);<\/li>\n<li>Kopija voza\u010dke dozvole (ukoliko je to regulatorni zahtev);<\/li>\n<li>Kopija va\u017ee\u0107e potvrde o obu\u010denosti (za periodi\u010dne obuke \/ ukoliko je to regulatorni zahtev);<\/li>\n<li>Kopija bezbednosne provere (ukoliko je to regulatorni zahtev).<\/li>\n<\/ul>\n<p>Detal\u0458ne informacije vezano za rad Centra za obuku Aerodromi Srbije doo Ni\u0161 mo\u017eete dobiti putem mejla <a href=\"mailto:treningcentar@aerodromisrbije.rs\">treningcentar@aerodromisrbije.rs<\/a>.[\/vc_column_text][\/vc_column][\/vc_row]<\/p>\n","protected":false},"excerpt":{"rendered":"<p>[vc_row][vc_column box=&#8220;true&#8220; bgcolor=&#8220;#ffffff&#8220;][vc_column_text]Pripremnu dokumentaciju za realizaciju obuke dostavl\u0458aju kandidati pre realizacije obuke ili privredni subjekt koji zahteva realizaciju obuke za svoje zaposlene. Spisak dokumentacije koju kandidati dostavl\u0458aju pre realizacije obuke zavisi od oblasti iz koje se obuka realizuje i ista je predvi\u0111ena Priru\u010dnikom o radu \/ o obuci centra za obuku za svaku oblast. Dokumentacija [&hellip;]<\/p>\n","protected":false},"author":2,"featured_media":0,"parent":0,"menu_order":0,"comment_status":"closed","ping_status":"closed","template":"page-templates\/template-fullwidth.php","meta":[],"_links":{"self":[{"href":"https:\/\/aerodromisrbije.rs\/sajt\/wp-json\/wp\/v2\/pages\/2551"}],"collection":[{"href":"https:\/\/aerodromisrbije.rs\/sajt\/wp-json\/wp\/v2\/pages"}],"about":[{"href":"https:\/\/aerodromisrbije.rs\/sajt\/wp-json\/wp\/v2\/types\/page"}],"author":[{"embeddable":true,"href":"https:\/\/aerodromisrbije.rs\/sajt\/wp-json\/wp\/v2\/users\/2"}],"replies":[{"embeddable":true,"href":"https:\/\/aerodromisrbije.rs\/sajt\/wp-json\/wp\/v2\/comments?post=2551"}],"version-history":[{"count":8,"href":"https:\/\/aerodromisrbije.rs\/sajt\/wp-json\/wp\/v2\/pages\/2551\/revisions"}],"predecessor-version":[{"id":4422,"href":"https:\/\/aerodromisrbije.rs\/sajt\/wp-json\/wp\/v2\/pages\/2551\/revisions\/4422"}],"wp:attachment":[{"href":"https:\/\/aerodromisrbije.rs\/sajt\/wp-json\/wp\/v2\/media?parent=2551"}],"curies":[{"name":"wp","href":"https:\/\/api.w.org\/{rel}","templated":true}]}}