{"id":2554,"date":"2020-12-15T16:10:01","date_gmt":"2020-12-15T16:10:01","guid":{"rendered":"https:\/\/aerodromisrbije.rs\/sajt\/?page_id=2554"},"modified":"2025-03-26T11:17:47","modified_gmt":"2025-03-26T10:17:47","slug":"kontakt-informacije","status":"publish","type":"page","link":"https:\/\/aerodromisrbije.rs\/sajt\/kontakt-informacije\/","title":{"rendered":"Kontakt informacije"},"content":{"rendered":"<p>[vc_row][vc_column box=&#8220;true&#8220; bgcolor=&#8220;#ffffff&#8220;][vc_column_text]NAZIV: <strong>CENTAR ZA OBUKU AERODROMI SRBIJE DOO NI\u0160<\/strong><\/p>\n<p>ADRESA: Ulica vazduhoplovaca 24, Ni\u0161<\/p>\n<p>TELEFON: <a href=\"tel:+381184150547\">018\/4150547<\/a><\/p>\n<p>MAIL: <a href=\"mailto:treningcentar@aerodromisrbije.rs\">treningcentar@aerodromisrbije.rs<\/a><\/p>\n<p>ZAKONSKI ZASTUPNIK: Direktor Aerodromi Srbije DOO Ni\u0161 &#8211; <strong>Mihajlo Zdravkovi\u0107<\/strong><\/p>\n<p>ODGOVORNI RUKOVODILAC CENTRA ZA OBUKU: <strong>Mikica Pavlovi\u0107<\/strong><\/p>\n<p>KOORDINATOR CENTRA ZA OBUKU: <strong>Danijela Igi\u0107<\/strong>[\/vc_column_text][\/vc_column][\/vc_row]<\/p>\n","protected":false},"excerpt":{"rendered":"<p>[vc_row][vc_column box=&#8220;true&#8220; bgcolor=&#8220;#ffffff&#8220;][vc_column_text]NAZIV: CENTAR ZA OBUKU AERODROMI SRBIJE DOO NI\u0160 ADRESA: Ulica vazduhoplovaca 24, Ni\u0161 TELEFON: 018\/4150547 MAIL: treningcentar@aerodromisrbije.rs ZAKONSKI ZASTUPNIK: Direktor Aerodromi Srbije DOO Ni\u0161 &#8211; Mihajlo Zdravkovi\u0107 ODGOVORNI RUKOVODILAC CENTRA ZA OBUKU: Mikica Pavlovi\u0107 KOORDINATOR CENTRA ZA OBUKU: Danijela Igi\u0107[\/vc_column_text][\/vc_column][\/vc_row]<\/p>\n","protected":false},"author":2,"featured_media":0,"parent":0,"menu_order":0,"comment_status":"closed","ping_status":"closed","template":"page-templates\/template-fullwidth.php","meta":[],"_links":{"self":[{"href":"https:\/\/aerodromisrbije.rs\/sajt\/wp-json\/wp\/v2\/pages\/2554"}],"collection":[{"href":"https:\/\/aerodromisrbije.rs\/sajt\/wp-json\/wp\/v2\/pages"}],"about":[{"href":"https:\/\/aerodromisrbije.rs\/sajt\/wp-json\/wp\/v2\/types\/page"}],"author":[{"embeddable":true,"href":"https:\/\/aerodromisrbije.rs\/sajt\/wp-json\/wp\/v2\/users\/2"}],"replies":[{"embeddable":true,"href":"https:\/\/aerodromisrbije.rs\/sajt\/wp-json\/wp\/v2\/comments?post=2554"}],"version-history":[{"count":10,"href":"https:\/\/aerodromisrbije.rs\/sajt\/wp-json\/wp\/v2\/pages\/2554\/revisions"}],"predecessor-version":[{"id":5849,"href":"https:\/\/aerodromisrbije.rs\/sajt\/wp-json\/wp\/v2\/pages\/2554\/revisions\/5849"}],"wp:attachment":[{"href":"https:\/\/aerodromisrbije.rs\/sajt\/wp-json\/wp\/v2\/media?parent=2554"}],"curies":[{"name":"wp","href":"https:\/\/api.w.org\/{rel}","templated":true}]}}