{"id":264,"date":"2016-12-19T07:40:48","date_gmt":"2016-12-19T07:40:48","guid":{"rendered":"http:\/\/localhost\/borrow\/?page_id=264"},"modified":"2025-03-18T08:20:49","modified_gmt":"2025-03-18T07:20:49","slug":"kontakt","status":"publish","type":"page","link":"https:\/\/aerodromisrbije.rs\/sajt\/kontakt\/","title":{"rendered":"Kontakt"},"content":{"rendered":"<p>[vc_row][vc_column box=&#8220;true&#8220; bgcolor=&#8220;#ffffff&#8220;][vc_column_text css=&#8220;.vc_custom_1608556907218{padding-bottom: 3% !important;}&#8220;]<\/p>\n<h1>Korisni\u010dki servis &#8211; &#8222;Aerodromi Srbije&#8220; d.o.o. Ni\u0161<\/h1>\n<p>[\/vc_column_text][vc_row_inner css=&#8220;.vc_custom_1576083283231{padding-bottom: 3% !important;}&#8220;][vc_column_inner width=&#8220;1\/3&#8243;]  <div class=\"bg-white bg-boxshadow pinside40 outline text-center mb30\">\n    <div class=\"mb40\"><i class=\"icon-pointer  icon-2x icon-default\"><\/i><\/div>\n    <h2 class=\"capital-title\">Adresa<\/h2>        <p>&#8222;Aerodromi Srbije&#8220; d.o.o.,<br \/>\nUlica vazduhoplovaca 24,<br \/>\n18106 Ni\u0161, Srbija<\/p>\n      <\/div>\n[\/vc_column_inner][vc_column_inner width=&#8220;1\/3&#8243;]  <div class=\"bg-white bg-boxshadow pinside40 outline text-center mb30\">\n    <div class=\"mb40\"><i class=\"icon-phone-call  icon-2x icon-default\"><\/i><\/div>\n    <h2 class=\"capital-title\">Informacije<\/h2>        <p><a href=\"tel:+0184150555\">018 4150 555<\/a><\/p>\n      <\/div>\n[\/vc_column_inner][vc_column_inner width=&#8220;1\/3&#8243;]  <div class=\"bg-white bg-boxshadow pinside40 outline text-center mb30\">\n    <div class=\"mb40\"><i class=\"icon-letter  icon-2x icon-default\"><\/i><\/div>\n    <h2 class=\"capital-title\">E-po\u0161ta<\/h2>        <p><a href=\"mailto:kancelarija@aerodromisrbije.rs\" target=\"_top\" rel=\"noopener noreferrer\">kancelarija@aerodromisrbije.rs<\/a><\/p>\n      <\/div>\n[\/vc_column_inner][\/vc_row_inner][vc_row_inner][vc_column_inner width=&#8220;1\/2&#8243;]  <div class=\"bg-white bg-boxshadow pinside40 outline text-center mb30\">\n    <div class=\"mb40\"><i class=\"  icon-2x icon-default\"><\/i><\/div>\n    <h2 class=\"capital-title\">Lice za za\u0161titu podataka o li\u010dnosti:<\/h2>        <p>Ivanka Milutinovi\u0107<br \/>\nTelefon: <a href=\"tel:+381184150573\">018\/415-0573<\/a><\/p>\n      <\/div>\n[\/vc_column_inner][vc_column_inner width=&#8220;1\/2&#8243;]  <div class=\"bg-white bg-boxshadow pinside40 outline text-center mb30\">\n    <div class=\"mb40\"><i class=\"  icon-2x icon-default\"><\/i><\/div>\n    <h2 class=\"capital-title\">Adresa elektronske po\u0161te za podno\u0161enje prijave o sumnjama na nepravilnosti:<\/h2>        <p><a href=\"mailto:prijavenepravilnosti@aerodromisrbije.rs\">prijavenepravilnosti@aerodromisrbije.rs<\/a><\/p>\n      <\/div>\n[\/vc_column_inner][\/vc_row_inner][vc_column_text]<\/p>\n<h3>Mo\u017eete nas kontaktirati i putem dru\u0161tvenih mre\u017ea<\/h3>\n<p>[\/vc_column_text][vc_row_inner css=&#8220;.vc_custom_1576082020852{padding-top: 5% !important;}&#8220;][vc_column_inner width=&#8220;2\/3&#8243; offset=&#8220;vc_col-lg-offset-2 vc_col-md-offset-2&#8243; css=&#8220;.vc_custom_1482134244533{margin-bottom: 60px !important;}&#8220;]\t\n\t<h1 class=\"\" style=\"text-align: center;\" > Po\u0161aljite upit<\/h1>\t\n[vc_column_text css=&#8220;.vc_custom_1576082010548{margin-bottom: 0px !important;}&#8220;]<\/p>\n<p style=\"text-align: center;\">Pitajte nas<\/p>\n<p>[\/vc_column_text][\/vc_column_inner][vc_column_inner css=&#8220;.vc_custom_1482134684269{margin-bottom: 60px !important;}&#8220;]<div role=\"form\" class=\"wpcf7\" id=\"wpcf7-f266-o1\" lang=\"en-US\" dir=\"ltr\">\n<div class=\"screen-reader-response\"><p role=\"status\" aria-live=\"polite\" aria-atomic=\"true\"><\/p> <ul><\/ul><\/div>\n<form action=\"\/sajt\/wp-json\/wp\/v2\/pages\/264#wpcf7-f266-o1\" method=\"post\" class=\"wpcf7-form init\" novalidate=\"novalidate\" data-status=\"init\">\n<div style=\"display: none;\">\n<input type=\"hidden\" name=\"_wpcf7\" value=\"266\" \/>\n<input type=\"hidden\" name=\"_wpcf7_version\" value=\"5.6.3\" \/>\n<input type=\"hidden\" name=\"_wpcf7_locale\" value=\"en_US\" \/>\n<input type=\"hidden\" name=\"_wpcf7_unit_tag\" value=\"wpcf7-f266-o1\" \/>\n<input type=\"hidden\" name=\"_wpcf7_container_post\" value=\"0\" \/>\n<input type=\"hidden\" name=\"_wpcf7_posted_data_hash\" value=\"\" \/>\n<\/div>\n<div class=\"row\">\n<div class=\"col-md-4 col-sm-12 col-xs-12\">\n<div class=\"form-group\">\n<label class=\"sr-only control-label\" >Ime*<\/label><span class=\"wpcf7-form-control-wrap\" data-name=\"your-name\"><input type=\"text\" name=\"your-name\" value=\"\" size=\"40\" class=\"wpcf7-form-control wpcf7-text wpcf7-validates-as-required form-control input-md\" id=\"name\" aria-required=\"true\" aria-invalid=\"false\" placeholder=\"Ime\" \/><\/span>\n<\/div>\n<\/div>\n<div class=\"col-md-4 col-sm-12 col-xs-12\">\n<div class=\"form-group\">\n<label class=\"sr-only control-label\" for=\"email\">Email<\/label><span class=\"wpcf7-form-control-wrap\" data-name=\"email\"><input type=\"email\" name=\"email\" value=\"\" size=\"40\" class=\"wpcf7-form-control wpcf7-text wpcf7-email wpcf7-validates-as-required wpcf7-validates-as-email form-control input-md\" id=\"email\" aria-required=\"true\" aria-invalid=\"false\" placeholder=\"Email\" \/><\/span>\n<\/div>\n<\/div>\n<div class=\"col-md-4 col-sm-12 col-xs-12\">\n<div class=\"form-group\">\n<label class=\"sr-only control-label\" for=\"phone\">Telefon<\/label><span class=\"wpcf7-form-control-wrap\" data-name=\"phone\"><input type=\"text\" name=\"phone\" value=\"\" size=\"40\" class=\"wpcf7-form-control wpcf7-text wpcf7-validates-as-required form-control input-md\" id=\"phone\" aria-required=\"true\" aria-invalid=\"false\" placeholder=\"Telefon\" \/><\/span>\n<\/div>\n<\/div>\n<div class=\"col-md-12 col-xs-12\">\n<div class=\"form-group\">\n<label class=\"control-label\" for=\"message\"> <\/label><br \/>\n<span class=\"wpcf7-form-control-wrap\" data-name=\"message\"><textarea name=\"message\" cols=\"40\" rows=\"7\" class=\"wpcf7-form-control wpcf7-textarea wpcf7-validates-as-required form-control\" id=\"message\" aria-required=\"true\" aria-invalid=\"false\" placeholder=\"Poruka\"><\/textarea><\/span>\n<\/div>\n<\/div>\n<div class=\"col-md-12 col-xs-12\">\n<input type=\"submit\" value=\"Po\u0161alji\" class=\"wpcf7-form-control has-spinner wpcf7-submit btn btn-default\" \/>\n<\/div>\n<\/div>\n<div class=\"wpcf7-response-output\" aria-hidden=\"true\"><\/div><\/form><\/div>[\/vc_column_inner][vc_column_inner width=&#8220;1\/3&#8243; css=&#8220;.vc_custom_1482134795637{margin-bottom: 60px !important;}&#8220;][\/vc_column_inner][vc_column_inner width=&#8220;1\/3&#8243; css=&#8220;.vc_custom_1482134803127{margin-bottom: 60px !important;}&#8220;][\/vc_column_inner][vc_column_inner width=&#8220;1\/3&#8243;][\/vc_column_inner][\/vc_row_inner][\/vc_column][\/vc_row]<\/p>\n","protected":false},"excerpt":{"rendered":"<p>[vc_row][vc_column box=&#8220;true&#8220; bgcolor=&#8220;#ffffff&#8220;][vc_column_text css=&#8220;.vc_custom_1608556907218{padding-bottom: 3% !important;}&#8220;] Korisni\u010dki servis &#8211; &#8222;Aerodromi Srbije&#8220; d.o.o. Ni\u0161 [\/vc_column_text][vc_row_inner css=&#8220;.vc_custom_1576083283231{padding-bottom: 3% !important;}&#8220;][vc_column_inner width=&#8220;1\/3&#8243;][\/vc_column_inner][vc_column_inner width=&#8220;1\/3&#8243;][\/vc_column_inner][vc_column_inner width=&#8220;1\/3&#8243;][\/vc_column_inner][\/vc_row_inner][vc_row_inner][vc_column_inner width=&#8220;1\/2&#8243;][\/vc_column_inner][vc_column_inner width=&#8220;1\/2&#8243;][\/vc_column_inner][\/vc_row_inner][vc_column_text] Mo\u017eete nas kontaktirati i putem dru\u0161tvenih mre\u017ea [\/vc_column_text][vc_row_inner css=&#8220;.vc_custom_1576082020852{padding-top: 5% !important;}&#8220;][vc_column_inner width=&#8220;2\/3&#8243; offset=&#8220;vc_col-lg-offset-2 vc_col-md-offset-2&#8243; css=&#8220;.vc_custom_1482134244533{margin-bottom: 60px !important;}&#8220;][vc_column_text css=&#8220;.vc_custom_1576082010548{margin-bottom: 0px !important;}&#8220;] Pitajte nas [\/vc_column_text][\/vc_column_inner][vc_column_inner css=&#8220;.vc_custom_1482134684269{margin-bottom: 60px !important;}&#8220;][\/vc_column_inner][vc_column_inner width=&#8220;1\/3&#8243; css=&#8220;.vc_custom_1482134795637{margin-bottom: 60px !important;}&#8220;][\/vc_column_inner][vc_column_inner width=&#8220;1\/3&#8243; css=&#8220;.vc_custom_1482134803127{margin-bottom: 60px [&hellip;]<\/p>\n","protected":false},"author":1,"featured_media":0,"parent":0,"menu_order":0,"comment_status":"closed","ping_status":"closed","template":"page-templates\/template-fullwidth.php","meta":[],"_links":{"self":[{"href":"https:\/\/aerodromisrbije.rs\/sajt\/wp-json\/wp\/v2\/pages\/264"}],"collection":[{"href":"https:\/\/aerodromisrbije.rs\/sajt\/wp-json\/wp\/v2\/pages"}],"about":[{"href":"https:\/\/aerodromisrbije.rs\/sajt\/wp-json\/wp\/v2\/types\/page"}],"author":[{"embeddable":true,"href":"https:\/\/aerodromisrbije.rs\/sajt\/wp-json\/wp\/v2\/users\/1"}],"replies":[{"embeddable":true,"href":"https:\/\/aerodromisrbije.rs\/sajt\/wp-json\/wp\/v2\/comments?post=264"}],"version-history":[{"count":16,"href":"https:\/\/aerodromisrbije.rs\/sajt\/wp-json\/wp\/v2\/pages\/264\/revisions"}],"predecessor-version":[{"id":5831,"href":"https:\/\/aerodromisrbije.rs\/sajt\/wp-json\/wp\/v2\/pages\/264\/revisions\/5831"}],"wp:attachment":[{"href":"https:\/\/aerodromisrbije.rs\/sajt\/wp-json\/wp\/v2\/media?parent=264"}],"curies":[{"name":"wp","href":"https:\/\/api.w.org\/{rel}","templated":true}]}}