{"id":2777,"date":"2021-03-03T07:13:46","date_gmt":"2021-03-03T07:13:46","guid":{"rendered":"https:\/\/aerodromisrbije.rs\/sajt\/?page_id=2777"},"modified":"2021-07-20T08:52:54","modified_gmt":"2021-07-20T07:52:54","slug":"plan-obuka-za-2021-godinu","status":"publish","type":"page","link":"https:\/\/aerodromisrbije.rs\/sajt\/plan-obuka-za-2021-godinu\/","title":{"rendered":"Plan obuka za 2021. godinu"},"content":{"rendered":"<p>[vc_row][vc_column box=&#8220;true&#8220; bgcolor=&#8220;#ffffff&#8220;][vc_column_text]<a href=\"https:\/\/aerodromisrbije.rs\/sajt\/wp-content\/uploads\/2021\/03\/PLAN-OBUKE-KIP-ZA-2021.pdf\">PLAN OBUKE OSOBLJA KOJE OBAVLJA POSLOVE KONTROLE ISPRAVNOSTI POVR\u0160INA ZA KRETANJE VAZDUHOPLOVA<\/a><\/p>\n<p><a href=\"https:\/\/aerodromisrbije.rs\/sajt\/wp-content\/uploads\/2021\/03\/PLAN-OBUKE-OSOBLJA-KOJE-PRUZA-USLUGE-OBEZBEDJ.-U-VAZD.-ZA-2021..pdf\">PLAN OBUKE OSOBLJA KOJE PRU\u017dA USLUGE OBEZBE\u0110IVANJA U VAZDUHOPLOVSTVU<\/a><\/p>\n<p><a href=\"https:\/\/aerodromisrbije.rs\/sajt\/wp-content\/uploads\/2021\/03\/PLAN-OBUKE-VSO-ZA-2021.-GODINU.pdf\">PLAN OBUKE VATROGASNO \u2013 SPASILA\u010cKOG OSOBLJA<\/a><\/p>\n<p><a href=\"https:\/\/aerodromisrbije.rs\/sajt\/wp-content\/uploads\/2021\/03\/PLAN-OBUKE-ZA-TRANSPORT-OPASNIH-MATERIJA-ZA-2021.pdf\">PLAN OBUKE OSOBLJA KOJE PRU\u017dA USLUGE U TRANSPORTU OPASNE ROBE U VAZDU\u0160NOM SAOBRA\u0106AJU<\/a><\/p>\n<p><a href=\"https:\/\/aerodromisrbije.rs\/sajt\/wp-content\/uploads\/2021\/03\/PLAN-OBUKE-ZO-I-AD-ZA-2021..pdf\">PLAN OBUKE OSOBLJA KOJE PRU\u017dA USLUGE ZEMALJSKOG OPSLU\u017dIVANJA I AERODROMSKIH DISPE\u010cERA<\/a>[\/vc_column_text][\/vc_column][\/vc_row]<\/p>\n","protected":false},"excerpt":{"rendered":"<p>[vc_row][vc_column box=&#8220;true&#8220; bgcolor=&#8220;#ffffff&#8220;][vc_column_text]PLAN OBUKE OSOBLJA KOJE OBAVLJA POSLOVE KONTROLE ISPRAVNOSTI POVR\u0160INA ZA KRETANJE VAZDUHOPLOVA PLAN OBUKE OSOBLJA KOJE PRU\u017dA USLUGE OBEZBE\u0110IVANJA U VAZDUHOPLOVSTVU PLAN OBUKE VATROGASNO \u2013 SPASILA\u010cKOG OSOBLJA PLAN OBUKE OSOBLJA KOJE PRU\u017dA USLUGE U TRANSPORTU OPASNE ROBE U VAZDU\u0160NOM SAOBRA\u0106AJU PLAN OBUKE OSOBLJA KOJE PRU\u017dA USLUGE ZEMALJSKOG OPSLU\u017dIVANJA I AERODROMSKIH DISPE\u010cERA[\/vc_column_text][\/vc_column][\/vc_row]<\/p>\n","protected":false},"author":2,"featured_media":0,"parent":0,"menu_order":0,"comment_status":"closed","ping_status":"closed","template":"page-templates\/template-fullwidth.php","meta":[],"_links":{"self":[{"href":"https:\/\/aerodromisrbije.rs\/sajt\/wp-json\/wp\/v2\/pages\/2777"}],"collection":[{"href":"https:\/\/aerodromisrbije.rs\/sajt\/wp-json\/wp\/v2\/pages"}],"about":[{"href":"https:\/\/aerodromisrbije.rs\/sajt\/wp-json\/wp\/v2\/types\/page"}],"author":[{"embeddable":true,"href":"https:\/\/aerodromisrbije.rs\/sajt\/wp-json\/wp\/v2\/users\/2"}],"replies":[{"embeddable":true,"href":"https:\/\/aerodromisrbije.rs\/sajt\/wp-json\/wp\/v2\/comments?post=2777"}],"version-history":[{"count":5,"href":"https:\/\/aerodromisrbije.rs\/sajt\/wp-json\/wp\/v2\/pages\/2777\/revisions"}],"predecessor-version":[{"id":2821,"href":"https:\/\/aerodromisrbije.rs\/sajt\/wp-json\/wp\/v2\/pages\/2777\/revisions\/2821"}],"wp:attachment":[{"href":"https:\/\/aerodromisrbije.rs\/sajt\/wp-json\/wp\/v2\/media?parent=2777"}],"curies":[{"name":"wp","href":"https:\/\/api.w.org\/{rel}","templated":true}]}}