{"id":2986,"date":"2021-07-14T14:00:49","date_gmt":"2021-07-14T13:00:49","guid":{"rendered":"https:\/\/aerodromisrbije.rs\/sajt\/?page_id=2986"},"modified":"2025-07-30T09:13:13","modified_gmt":"2025-07-30T08:13:13","slug":"cenovnik-centra-za-obuku","status":"publish","type":"page","link":"https:\/\/aerodromisrbije.rs\/sajt\/cenovnik-centra-za-obuku\/","title":{"rendered":"Cenovnik centra za obuku"},"content":{"rendered":"<p>[vc_row][vc_column box=&#8220;true&#8220; bgcolor=&#8220;#ffffff&#8220;][vc_column_text]Obuke koje se vr\u0161e u Centru za obuku vr\u0161e se i prema tre\u0107im licima. Usluge odr\u017eavanja obuka se napla\u0107uju po va\u017ee\u0107em cenovniku.<\/p>\n<ul>\n<li><a href=\"https:\/\/aerodromisrbije.rs\/sajt\/wp-content\/uploads\/2025\/07\/ODLUKA-O-USVAJANJU-USLUGA-CENTRA-ZA-OBUKU-_AERODROMI-SRBIJE_DOO-.pdf\"><strong>ODLUKU O USVAJANJU CENOVNIKA USLUGA CENTRA ZA OBUKU \u201e AERODROMI SRBIJE\u201c DOO NI\u0160 OD 29.07.2025.<\/strong><\/a><\/li>\n<li><a href=\"https:\/\/aerodromisrbije.rs\/sajt\/wp-content\/uploads\/2025\/07\/CENOVNIK-USLUGA-CENTRA-ZA-OBUKU-_AEODROMI-SRBIJE_-DOO-NIS.pdf\"><strong>CENOVNIK USLUGA CENTRA ZA OBUKU \u201eAERODROMI SRBIJE\u201c DOO NI\u0160 OD 29.07.2025.<\/strong><\/a><\/li>\n<\/ul>\n<p>&nbsp;<\/p>\n<p><a class=\"btn-link\" href=\"https:\/\/aerodromisrbije.rs\/sajt\/cenovnici\/\">Svi cenovnici<\/a><\/p>\n<div id=\"gtx-trans\" style=\"position: absolute; left: 822px; top: 102.143px;\">\n<div class=\"gtx-trans-icon\"><\/div>\n<\/div>\n<p>[\/vc_column_text][\/vc_column][\/vc_row]<\/p>\n","protected":false},"excerpt":{"rendered":"<p>[vc_row][vc_column box=&#8220;true&#8220; bgcolor=&#8220;#ffffff&#8220;][vc_column_text]Obuke koje se vr\u0161e u Centru za obuku vr\u0161e se i prema tre\u0107im licima. Usluge odr\u017eavanja obuka se napla\u0107uju po va\u017ee\u0107em cenovniku. ODLUKU O USVAJANJU CENOVNIKA USLUGA CENTRA ZA OBUKU \u201e AERODROMI SRBIJE\u201c DOO NI\u0160 OD 29.07.2025. CENOVNIK USLUGA CENTRA ZA OBUKU \u201eAERODROMI SRBIJE\u201c DOO NI\u0160 OD 29.07.2025. &nbsp; Svi cenovnici [\/vc_column_text][\/vc_column][\/vc_row]<\/p>\n","protected":false},"author":5,"featured_media":0,"parent":0,"menu_order":0,"comment_status":"closed","ping_status":"closed","template":"page-templates\/template-fullwidth.php","meta":[],"_links":{"self":[{"href":"https:\/\/aerodromisrbije.rs\/sajt\/wp-json\/wp\/v2\/pages\/2986"}],"collection":[{"href":"https:\/\/aerodromisrbije.rs\/sajt\/wp-json\/wp\/v2\/pages"}],"about":[{"href":"https:\/\/aerodromisrbije.rs\/sajt\/wp-json\/wp\/v2\/types\/page"}],"author":[{"embeddable":true,"href":"https:\/\/aerodromisrbije.rs\/sajt\/wp-json\/wp\/v2\/users\/5"}],"replies":[{"embeddable":true,"href":"https:\/\/aerodromisrbije.rs\/sajt\/wp-json\/wp\/v2\/comments?post=2986"}],"version-history":[{"count":22,"href":"https:\/\/aerodromisrbije.rs\/sajt\/wp-json\/wp\/v2\/pages\/2986\/revisions"}],"predecessor-version":[{"id":6149,"href":"https:\/\/aerodromisrbije.rs\/sajt\/wp-json\/wp\/v2\/pages\/2986\/revisions\/6149"}],"wp:attachment":[{"href":"https:\/\/aerodromisrbije.rs\/sajt\/wp-json\/wp\/v2\/media?parent=2986"}],"curies":[{"name":"wp","href":"https:\/\/api.w.org\/{rel}","templated":true}]}}