{"id":3213,"date":"2021-10-06T14:12:40","date_gmt":"2021-10-06T13:12:40","guid":{"rendered":"https:\/\/aerodromisrbije.rs\/sajt\/?page_id=3213"},"modified":"2021-12-16T08:31:56","modified_gmt":"2021-12-16T07:31:56","slug":"plan-obuka-za-2022-godinu","status":"publish","type":"page","link":"https:\/\/aerodromisrbije.rs\/sajt\/plan-obuka-za-2022-godinu\/","title":{"rendered":"Plan obuka za 2022. godinu"},"content":{"rendered":"<p>[vc_row][vc_column box=&#8220;true&#8220; bgcolor=&#8220;#ffffff&#8220;][vc_column_text]<a href=\"https:\/\/aerodromisrbije.rs\/sajt\/wp-content\/uploads\/2021\/10\/PLAN-OBUKE-ZA-2022.pdf\">PLAN OBUKE VATROGASNO \u2013 SPASILA\u010cKOG OSOBLJA<\/a><\/p>\n<p><a href=\"https:\/\/aerodromisrbije.rs\/sajt\/wp-content\/uploads\/2021\/12\/PLAN-OBUKE-KIP-ZA-2022.pdf\">PLAN OBUKE OSOBLJA KOJE OBAVLJA POSLOVE KONTROLE ISPRAVNOSTI POVR\u0160INA ZA KRETANJE VAZDUHOPLOVA<\/a><\/p>\n<p><a href=\"https:\/\/aerodromisrbije.rs\/sajt\/wp-content\/uploads\/2021\/12\/PLAN-OBUKE-OBEZBEDIVANJE-ZA-2022.pdf\">PLAN OBUKE OSOBLJA KOJE PRU\u017dA USLUGE OBEZBE\u0110IVANJA U VAZDUHOPLOVSTVU<\/a><\/p>\n<p><a href=\"https:\/\/aerodromisrbije.rs\/sajt\/wp-content\/uploads\/2021\/12\/PLAN-OBUKE-TRANSPORT-OPASNE-ROBE-ZA-2022.pdf\">PLAN OBUKE ZA STRU\u010cNU OSPOSOBLjENOST LICA KOJA OBAVLjAJU POSLOVE U TRANSPORTU OPASNE ROBE U VAZDU\u0160NOM SAOBRA\u0106AJU<\/a><\/p>\n<p><a href=\"https:\/\/aerodromisrbije.rs\/sajt\/wp-content\/uploads\/2021\/12\/PLAN-OBUKE-SZO-2022.pdf\">PLAN OBUKE OSOBLJA KOJE PRU\u017dA USLUGE ZEMALJSKOG OPSLU\u017dIVANJA I AERODROMSKIH DISPE\u010cERA<\/a>[\/vc_column_text][\/vc_column][\/vc_row]<\/p>\n","protected":false},"excerpt":{"rendered":"<p>[vc_row][vc_column box=&#8220;true&#8220; bgcolor=&#8220;#ffffff&#8220;][vc_column_text]PLAN OBUKE VATROGASNO \u2013 SPASILA\u010cKOG OSOBLJA PLAN OBUKE OSOBLJA KOJE OBAVLJA POSLOVE KONTROLE ISPRAVNOSTI POVR\u0160INA ZA KRETANJE VAZDUHOPLOVA PLAN OBUKE OSOBLJA KOJE PRU\u017dA USLUGE OBEZBE\u0110IVANJA U VAZDUHOPLOVSTVU PLAN OBUKE ZA STRU\u010cNU OSPOSOBLjENOST LICA KOJA OBAVLjAJU POSLOVE U TRANSPORTU OPASNE ROBE U VAZDU\u0160NOM SAOBRA\u0106AJU PLAN OBUKE OSOBLJA KOJE PRU\u017dA USLUGE ZEMALJSKOG OPSLU\u017dIVANJA I AERODROMSKIH [&hellip;]<\/p>\n","protected":false},"author":5,"featured_media":0,"parent":0,"menu_order":0,"comment_status":"closed","ping_status":"closed","template":"page-templates\/template-fullwidth.php","meta":[],"_links":{"self":[{"href":"https:\/\/aerodromisrbije.rs\/sajt\/wp-json\/wp\/v2\/pages\/3213"}],"collection":[{"href":"https:\/\/aerodromisrbije.rs\/sajt\/wp-json\/wp\/v2\/pages"}],"about":[{"href":"https:\/\/aerodromisrbije.rs\/sajt\/wp-json\/wp\/v2\/types\/page"}],"author":[{"embeddable":true,"href":"https:\/\/aerodromisrbije.rs\/sajt\/wp-json\/wp\/v2\/users\/5"}],"replies":[{"embeddable":true,"href":"https:\/\/aerodromisrbije.rs\/sajt\/wp-json\/wp\/v2\/comments?post=3213"}],"version-history":[{"count":5,"href":"https:\/\/aerodromisrbije.rs\/sajt\/wp-json\/wp\/v2\/pages\/3213\/revisions"}],"predecessor-version":[{"id":3384,"href":"https:\/\/aerodromisrbije.rs\/sajt\/wp-json\/wp\/v2\/pages\/3213\/revisions\/3384"}],"wp:attachment":[{"href":"https:\/\/aerodromisrbije.rs\/sajt\/wp-json\/wp\/v2\/media?parent=3213"}],"curies":[{"name":"wp","href":"https:\/\/api.w.org\/{rel}","templated":true}]}}