{"id":34,"date":"2016-12-14T09:24:44","date_gmt":"2016-12-14T09:24:44","guid":{"rendered":"http:\/\/localhost\/borrow\/?page_id=34"},"modified":"2023-10-06T07:25:36","modified_gmt":"2023-10-06T06:25:36","slug":"home","status":"publish","type":"page","link":"https:\/\/aerodromisrbije.rs\/sajt\/","title":{"rendered":"Po\u010detna"},"content":{"rendered":"<p>[vc_row fullwidth=&#8220;yes&#8220;][vc_column]    <div class=\"slider \" id=\"slider\">\n            <div class=\"slider-img\">\n        <img src=\"https:\/\/aerodromisrbije.rs\/sajt\/wp-content\/uploads\/2020\/12\/as-sajt-korp.jpg\" class=\"\" alt=\"\">\n        <div class=\"container\">\n          <div class=\"row\">\n            <div class=\"col-lg-5 col-md-12 col-sm-12 col-xs-12\">\n              <div class=\"slider-captions\">\n                <!-- slider-captions -->\n                <h1 class=\"slider-title\">Budite u toku <\/h1>                <p class=\"slider-text hidden-xs\">Zapratite nas na dru\u0161tvenim mre\u017eama<\/p>                <a href=\"https:\/\/www.linkedin.com\/company\/nis-airport-%E2%80%9A%E2%80%9Aconstantine-the-great-\/\" class=\"btn btn-default hidden-xs\">Pratite nas<\/a>               <\/div>\n              <!-- \/.slider-captions -->\n            <\/div>\n          <\/div>\n        <\/div>\n      <\/div>\n      \n       \n    <\/div>\n    <script type=\"text\/javascript\">\n      (function($) {\n        $(document).on('ready', function() {\n            \"use strict\";\n              $(\"#slider\").owlCarousel({\n              navigation: true, \/\/ Show next and prev buttons\n              slideSpeed: 3000,\n              paginationSpeed: 400,\n              singleItem: true,\n              pagination: true,\n                            autoPlay: false,\n              navigationText: [\"<i class='fa fa-angle-left'><\/i>\", \"<i class='fa fa-angle-right'><\/i>\"],\n              addClassActive: true,\n             });\n        });\n        })(jQuery);\n    <\/script>\n  [vc_column_text][\/vc_column_text][\/vc_column][\/vc_row][vc_row disable_element=&#8220;yes&#8220; fullwidth=&#8220;yes&#8220;][vc_column width=&#8220;1\/6&#8243;][\/vc_column][vc_column width=&#8220;2\/3&#8243;][vc_raw_html]JTNDZGl2JTIwY2xhc3MlM0QlMjJiYW5lcjIlMjIlMjBzdHlsZSUzRCUyMmJhY2tncm91bmQlM0ElMjNjODM3M2UlM0IlMjBwYWRkaW5nJTNBN3B4JTNCJTIyJTNFJTIwJTBBJTIwJTIwJTIwJTIwJTBBJTNDcCUyMHN0eWxlJTNEJTIyY29sb3IlM0F3aGl0ZSUzQiUyMiUzRU9kbHVrZSUyMFZsYWRlJTIwU3JiaWplJTIwZG9uZXRlJTIwemElMjB2cmVtZSUyMHZhbnJlZG5vZyUyMHN0YW5qYSUyMCUzQ2ElMjBocmVmJTNEJTIyaHR0cCUzQSUyRiUyRnd3dy5wcmF2bm8taW5mb3JtYWNpb25pLXNpc3RlbS5ycyUyRmZwJTJGY292aWQxOSUyMiUyMGNsYXNzJTNEJTIydGl0bGUlMjIlMjB0YXJnZXQlM0QlMjJfYmxhbmslMjIlM0UlMjhsaW5rJTI5JTNDJTJGYSUzRSUzQyUyRnAlM0UlMEElMjAlMEElM0MlMkZkaXYlM0UlMEElM0NkaXYlMjBjbGFzcyUzRCUyMmJhbm5lciUyMiUzRSUyMCUzQ2ElMjBocmVmJTNEJTIyaHR0cHMlM0ElMkYlMkZjb3ZpZDE5LnJzJTJGJTIyJTIwdGFyZ2V0JTNEJTIyX2JsYW5rJTIyJTNFJTNDaW1nJTIwc3JjJTNEJTIyaHR0cHMlM0ElMkYlMkZpbmkuYWVyb2Ryb21pc3JiaWplLnJzJTJGd3AtY29udGVudCUyRnVwbG9hZHMlMkYyMDIwJTJGMDMlMkZrb3JvbmEtdmlydXMuanBnJTIyJTIwY2xhc3MlM0QlMjJiYW5uZXItaW1nJTIyJTIwYWx0JTNEJTIyY292aWQxOS5ycyUyMiUzRSUzQyUyRmElM0UlMEElM0NhJTIwaHJlZiUzRCUyMmh0dHBzJTNBJTJGJTJGY292aWQxOS5ycyUyRiUyMiUyMGNsYXNzJTNEJTIyYnRuJTIwYnRuLWRlZmF1bHQlMjBidG4tYmxvY2slMjIlMjB0YXJnZXQlM0QlMjJfYmxhbmslMjIlM0VTYXpuYWp0ZSUyMHZpJUM1JUExZSUzQyUyRmElM0UlMEElM0MlMkZkaXYlM0U=[\/vc_raw_html][\/vc_column][vc_column width=&#8220;1\/6&#8243;][\/vc_column][\/vc_row][vc_row css=&#8220;.vc_custom_1481777389272{padding-top: 80px !important;padding-bottom: 80px !important;}&#8220;][vc_column width=&#8220;2\/3&#8243; offset=&#8220;vc_col-lg-offset-2 vc_col-md-offset-2 vc_col-sm-offset-2&#8243; css=&#8220;.vc_custom_1482996007221{margin-bottom: 60px !important;}&#8220;]\t\n\t<h1 class=\"\" style=\"text-align: center;\" > Najnovije informacije<\/h1>\t\n[\/vc_column][vc_column]    <div class=\"row\">\n      <div class=\"blog-slide\" id=\"blog-slide\">\n                  <div class=\"col-md-12 col-sm-12 col-xs-12\">\n          <div class=\"post-block mb30\">\n              <div class=\"post-img\">\n                  <a href=\"https:\/\/aerodromisrbije.rs\/sajt\/pocela-primena-letnjeg-reda-letenja-na-aerodromima-u-nisu-i-kraljevu-2\/\" class=\"imghover\">\n                                                                        <\/a>\n              <\/div>\n              <div class=\"bg-white pinside40 outline\">\n                  <h2><a href=\"https:\/\/aerodromisrbije.rs\/sajt\/pocela-primena-letnjeg-reda-letenja-na-aerodromima-u-nisu-i-kraljevu-2\/\" class=\"title\">Po\u010dela primena letnjeg reda letenja na aerodromima u Ni\u0161u i Kraljevu<\/a><\/h2>\n                  <p class=\"meta\"><span class=\"meta-date\">1 \u0430\u043f\u0440\u0438\u043b\u0430, 2026<\/span><span class=\"meta-author\">by  <a href=\"https:\/\/aerodromisrbije.rs\/sajt\/author\/dmg_aero\/\" title=\"\u0427\u043b\u0430\u043d\u0446\u0438 \u043e\u0434 Aerodromi Srbije\" rel=\"author\">Aerodromi Srbije<\/a><\/span><\/p>\n                  <p>Letnji red letenja je zvani\u010dno stupio na snagu u nedelju 29. marta 2026. godine i traja\u0107e sve do 24. oktobra 2026. godine. U okviru...<\/p>\n                  <a href=\"https:\/\/aerodromisrbije.rs\/sajt\/pocela-primena-letnjeg-reda-letenja-na-aerodromima-u-nisu-i-kraljevu-2\/\" class=\"btn-link\">Pro\u010ditaj vi\u0161e<\/a> \n              <\/div>\n          <\/div>\n      <\/div>\n\n                  <div class=\"col-md-12 col-sm-12 col-xs-12\">\n          <div class=\"post-block mb30\">\n              <div class=\"post-img\">\n                  <a href=\"https:\/\/aerodromisrbije.rs\/sajt\/2025-istorijska-za-moravu-opsluzeno-najvise-putnika-ali-i-najveci-avion\/\" class=\"imghover\">\n                                                                        <\/a>\n              <\/div>\n              <div class=\"bg-white pinside40 outline\">\n                  <h2><a href=\"https:\/\/aerodromisrbije.rs\/sajt\/2025-istorijska-za-moravu-opsluzeno-najvise-putnika-ali-i-najveci-avion\/\" class=\"title\">2025. istorijska za Moravu: Opslu\u017eeno najvi\u0161e putnika, ali i najve\u0107i avion<\/a><\/h2>\n                  <p class=\"meta\"><span class=\"meta-date\">9 \u0458\u0430\u043d\u0443\u0430\u0440\u0430, 2026<\/span><span class=\"meta-author\">by  <a href=\"https:\/\/aerodromisrbije.rs\/sajt\/author\/dmg_aero\/\" title=\"\u0427\u043b\u0430\u043d\u0446\u0438 \u043e\u0434 Aerodromi Srbije\" rel=\"author\">Aerodromi Srbije<\/a><\/span><\/p>\n                  <p>Aerodrom Morava u Kraljevu je godinu za nama upisao velikim slovima u svoju istoriju &#8211; dva su razloga za to. Prethodnu godinu je aerodrom...<\/p>\n                  <a href=\"https:\/\/aerodromisrbije.rs\/sajt\/2025-istorijska-za-moravu-opsluzeno-najvise-putnika-ali-i-najveci-avion\/\" class=\"btn-link\">Pro\u010ditaj vi\u0161e<\/a> \n              <\/div>\n          <\/div>\n      <\/div>\n\n                  <div class=\"col-md-12 col-sm-12 col-xs-12\">\n          <div class=\"post-block mb30\">\n              <div class=\"post-img\">\n                  <a href=\"https:\/\/aerodromisrbije.rs\/sajt\/direktor-aerodroma-srbije-mihajlo-zdravkovic-i-ministar-usame-zukorlic-sastali-su-se-danas-u-nisu\/\" class=\"imghover\">\n                                                                        <\/a>\n              <\/div>\n              <div class=\"bg-white pinside40 outline\">\n                  <h2><a href=\"https:\/\/aerodromisrbije.rs\/sajt\/direktor-aerodroma-srbije-mihajlo-zdravkovic-i-ministar-usame-zukorlic-sastali-su-se-danas-u-nisu\/\" class=\"title\">Direktor Aerodroma Srbije Mihajlo Zdravkovi\u0107 i ministar Usame Zukorli\u0107 sastali su se danas u Ni\u0161u<\/a><\/h2>\n                  <p class=\"meta\"><span class=\"meta-date\">1 \u0434\u0435\u0446\u0435\u043c\u0431\u0440\u0430, 2025<\/span><span class=\"meta-author\">by  <a href=\"https:\/\/aerodromisrbije.rs\/sajt\/author\/dmg_aero\/\" title=\"\u0427\u043b\u0430\u043d\u0446\u0438 \u043e\u0434 Aerodromi Srbije\" rel=\"author\">Aerodromi Srbije<\/a><\/span><\/p>\n                  <p>Ministar za pomirenje, regionalnu saradnju i dru\u0161tvenu stabilnost Usame Zukorli\u0107 i predsednica op\u0161tine Sjenica Mersija Camovi\u0107 Rebronja posetili su danas ni\u0161ki aerodrom i sastali...<\/p>\n                  <a href=\"https:\/\/aerodromisrbije.rs\/sajt\/direktor-aerodroma-srbije-mihajlo-zdravkovic-i-ministar-usame-zukorlic-sastali-su-se-danas-u-nisu\/\" class=\"btn-link\">Pro\u010ditaj vi\u0161e<\/a> \n              <\/div>\n          <\/div>\n      <\/div>\n\n                  <div class=\"col-md-12 col-sm-12 col-xs-12\">\n          <div class=\"post-block mb30\">\n              <div class=\"post-img\">\n                  <a href=\"https:\/\/aerodromisrbije.rs\/sajt\/na-aerodromu-u-nisu-od-danas-u-funkciji-nova-oprema-za-unapredjenje-bezbednosti\/\" class=\"imghover\">\n                                                                        <\/a>\n              <\/div>\n              <div class=\"bg-white pinside40 outline\">\n                  <h2><a href=\"https:\/\/aerodromisrbije.rs\/sajt\/na-aerodromu-u-nisu-od-danas-u-funkciji-nova-oprema-za-unapredjenje-bezbednosti\/\" class=\"title\">Na aerodromu u Ni\u0161u od danas u funkciji nova oprema za unapre\u0111enje bezbednosti<\/a><\/h2>\n                  <p class=\"meta\"><span class=\"meta-date\">25 \u043d\u043e\u0432\u0435\u043c\u0431\u0440\u0430, 2025<\/span><span class=\"meta-author\">by  <a href=\"https:\/\/aerodromisrbije.rs\/sajt\/author\/dmg_aero\/\" title=\"\u0427\u043b\u0430\u043d\u0446\u0438 \u043e\u0434 Aerodromi Srbije\" rel=\"author\">Aerodromi Srbije<\/a><\/span><\/p>\n                  <p>Danas je na aerodromu \u201cKonstantin Veliki\u201d u Ni\u0161u stavljena u funkciju nova oprema koja je nabavljena zahvaljuju\u0107i donaciji Direktorata civilnog vazduhoplovstva Republike Srbije. Direktorat...<\/p>\n                  <a href=\"https:\/\/aerodromisrbije.rs\/sajt\/na-aerodromu-u-nisu-od-danas-u-funkciji-nova-oprema-za-unapredjenje-bezbednosti\/\" class=\"btn-link\">Pro\u010ditaj vi\u0161e<\/a> \n              <\/div>\n          <\/div>\n      <\/div>\n\n                  <div class=\"col-md-12 col-sm-12 col-xs-12\">\n          <div class=\"post-block mb30\">\n              <div class=\"post-img\">\n                  <a href=\"https:\/\/aerodromisrbije.rs\/sajt\/ispisana-istorija-na-aerodromu-u-nisu-novi-godisnji-rekord-u-kargo-transportu\/\" class=\"imghover\">\n                                                                        <\/a>\n              <\/div>\n              <div class=\"bg-white pinside40 outline\">\n                  <h2><a href=\"https:\/\/aerodromisrbije.rs\/sajt\/ispisana-istorija-na-aerodromu-u-nisu-novi-godisnji-rekord-u-kargo-transportu\/\" class=\"title\">Ispisana istorija na aerodromu u Ni\u0161u: Novi godi\u0161nji rekord u kargo transportu<\/a><\/h2>\n                  <p class=\"meta\"><span class=\"meta-date\">17 \u043d\u043e\u0432\u0435\u043c\u0431\u0440\u0430, 2025<\/span><span class=\"meta-author\">by  <a href=\"https:\/\/aerodromisrbije.rs\/sajt\/author\/dmg_aero\/\" title=\"\u0427\u043b\u0430\u043d\u0446\u0438 \u043e\u0434 Aerodromi Srbije\" rel=\"author\">Aerodromi Srbije<\/a><\/span><\/p>\n                  <p>Kargo saobra\u0107aj na aerodromu \u201cKonstantin Veliki\u201d u Ni\u0161u je ve\u0107 tokom pro\u0161le nedelje upisao novi rekord u koli\u010dini transportovane robe na godi\u0161njem nivou. Godina...<\/p>\n                  <a href=\"https:\/\/aerodromisrbije.rs\/sajt\/ispisana-istorija-na-aerodromu-u-nisu-novi-godisnji-rekord-u-kargo-transportu\/\" class=\"btn-link\">Pro\u010ditaj vi\u0161e<\/a> \n              <\/div>\n          <\/div>\n      <\/div>\n\n                  <\/div>\n    <\/div>\n[\/vc_column][\/vc_row][vc_row content_placement=&#8220;middle&#8220; parallax=&#8220;content-moving&#8220; parallax_image=&#8220;1884&#8243; parallax_speed_bg=&#8220;1.4&#8243; fullwidth=&#8220;yes&#8220; css=&#8220;.vc_custom_1576507231518{margin-top: 3% !important;margin-bottom: 3% !important;padding-top: 300px !important;}&#8220;][vc_column parallax=&#8220;content-moving&#8220; parallax_image=&#8220;1732&#8243;][\/vc_column][\/vc_row][vc_row css=&#8220;.vc_custom_1481777973273{padding-top: 80px !important;padding-bottom: 80px !important;background-color: #ffffff !important;}&#8220;][vc_column width=&#8220;2\/3&#8243; css=&#8220;.vc_custom_1482996014717{margin-bottom: 60px !important;}&#8220; offset=&#8220;vc_col-lg-offset-2 vc_col-md-offset-2 vc_col-sm-offset-2&#8243;]\t\n\t<h1 class=\"\" style=\"text-align: center;\" > Kontaktirajte nas<\/h1>\t\n[vc_column_text css=&#8220;.vc_custom_1576426495931{margin-bottom: 0px !important;}&#8220;]<\/p>\n<p style=\"text-align: center;\">Pozovite nas ili pi\u0161ite na email adresu<\/p>\n<p>[\/vc_column_text][\/vc_column][vc_column width=&#8220;1\/3&#8243;]  <div class=\"bg-white bg-boxshadow pinside40 outline text-center mb30\">\n    <div class=\"mb40\"><i class=\"icon-pointer  icon-2x icon-default\"><\/i><\/div>\n    <h2 class=\"capital-title\">ADRESA<\/h2>        <p>Ulica vazduhoplovaca 24,<\/p>\n<p>18106 Ni\u0161, Srbija<\/p>\n      <\/div>\n[\/vc_column][vc_column width=&#8220;1\/3&#8243;]  <div class=\"bg-white bg-boxshadow pinside40 outline text-center mb30\">\n    <div class=\"mb40\"><i class=\"icon-phone-call  icon-2x icon-default\"><\/i><\/div>\n    <h2 class=\"capital-title\">Informacije<\/h2>        <p><a href=\"tel: +381184150555\">+381 18 4150 555<\/a><\/p>\n      <\/div>\n[\/vc_column][vc_column width=&#8220;1\/3&#8243;]  <div class=\"bg-white bg-boxshadow pinside40 outline text-center mb30\">\n    <div class=\"mb40\"><i class=\"icon-letter  icon-2x icon-default\"><\/i><\/div>\n    <h2 class=\"capital-title\">Email adresa<\/h2>        <p><a href=\"mailto:kancelarija@aerodromisrbije.rs\" target=\"_top\" rel=\"noopener noreferrer\">kancelarija@aerodromisrbije.rs<\/a><\/p>\n      <\/div>\n[\/vc_column][\/vc_row]<\/p>\n","protected":false},"excerpt":{"rendered":"<p>[vc_row fullwidth=&#8220;yes&#8220;][vc_column][vc_column_text][\/vc_column_text][\/vc_column][\/vc_row][vc_row disable_element=&#8220;yes&#8220; fullwidth=&#8220;yes&#8220;][vc_column width=&#8220;1\/6&#8243;][\/vc_column][vc_column width=&#8220;2\/3&#8243;][vc_raw_html]JTNDZGl2JTIwY2xhc3MlM0QlMjJiYW5lcjIlMjIlMjBzdHlsZSUzRCUyMmJhY2tncm91bmQlM0ElMjNjODM3M2UlM0IlMjBwYWRkaW5nJTNBN3B4JTNCJTIyJTNFJTIwJTBBJTIwJTIwJTIwJTIwJTBBJTNDcCUyMHN0eWxlJTNEJTIyY29sb3IlM0F3aGl0ZSUzQiUyMiUzRU9kbHVrZSUyMFZsYWRlJTIwU3JiaWplJTIwZG9uZXRlJTIwemElMjB2cmVtZSUyMHZhbnJlZG5vZyUyMHN0YW5qYSUyMCUzQ2ElMjBocmVmJTNEJTIyaHR0cCUzQSUyRiUyRnd3dy5wcmF2bm8taW5mb3JtYWNpb25pLXNpc3RlbS5ycyUyRmZwJTJGY292aWQxOSUyMiUyMGNsYXNzJTNEJTIydGl0bGUlMjIlMjB0YXJnZXQlM0QlMjJfYmxhbmslMjIlM0UlMjhsaW5rJTI5JTNDJTJGYSUzRSUzQyUyRnAlM0UlMEElMjAlMEElM0MlMkZkaXYlM0UlMEElM0NkaXYlMjBjbGFzcyUzRCUyMmJhbm5lciUyMiUzRSUyMCUzQ2ElMjBocmVmJTNEJTIyaHR0cHMlM0ElMkYlMkZjb3ZpZDE5LnJzJTJGJTIyJTIwdGFyZ2V0JTNEJTIyX2JsYW5rJTIyJTNFJTNDaW1nJTIwc3JjJTNEJTIyaHR0cHMlM0ElMkYlMkZpbmkuYWVyb2Ryb21pc3JiaWplLnJzJTJGd3AtY29udGVudCUyRnVwbG9hZHMlMkYyMDIwJTJGMDMlMkZrb3JvbmEtdmlydXMuanBnJTIyJTIwY2xhc3MlM0QlMjJiYW5uZXItaW1nJTIyJTIwYWx0JTNEJTIyY292aWQxOS5ycyUyMiUzRSUzQyUyRmElM0UlMEElM0NhJTIwaHJlZiUzRCUyMmh0dHBzJTNBJTJGJTJGY292aWQxOS5ycyUyRiUyMiUyMGNsYXNzJTNEJTIyYnRuJTIwYnRuLWRlZmF1bHQlMjBidG4tYmxvY2slMjIlMjB0YXJnZXQlM0QlMjJfYmxhbmslMjIlM0VTYXpuYWp0ZSUyMHZpJUM1JUExZSUzQyUyRmElM0UlMEElM0MlMkZkaXYlM0U=[\/vc_raw_html][\/vc_column][vc_column width=&#8220;1\/6&#8243;][\/vc_column][\/vc_row][vc_row css=&#8220;.vc_custom_1481777389272{padding-top: 80px !important;padding-bottom: 80px !important;}&#8220;][vc_column width=&#8220;2\/3&#8243; offset=&#8220;vc_col-lg-offset-2 vc_col-md-offset-2 vc_col-sm-offset-2&#8243; css=&#8220;.vc_custom_1482996007221{margin-bottom: 60px !important;}&#8220;][\/vc_column][vc_column][\/vc_column][\/vc_row][vc_row content_placement=&#8220;middle&#8220; parallax=&#8220;content-moving&#8220; parallax_image=&#8220;1884&#8243; parallax_speed_bg=&#8220;1.4&#8243; fullwidth=&#8220;yes&#8220; css=&#8220;.vc_custom_1576507231518{margin-top: 3% !important;margin-bottom: 3% !important;padding-top: 300px !important;}&#8220;][vc_column parallax=&#8220;content-moving&#8220; parallax_image=&#8220;1732&#8243;][\/vc_column][\/vc_row][vc_row css=&#8220;.vc_custom_1481777973273{padding-top: 80px !important;padding-bottom: 80px !important;background-color: #ffffff !important;}&#8220;][vc_column width=&#8220;2\/3&#8243; css=&#8220;.vc_custom_1482996014717{margin-bottom: 60px !important;}&#8220; offset=&#8220;vc_col-lg-offset-2 vc_col-md-offset-2 vc_col-sm-offset-2&#8243;][vc_column_text css=&#8220;.vc_custom_1576426495931{margin-bottom: 0px !important;}&#8220;] Pozovite nas ili pi\u0161ite na [&hellip;]<\/p>\n","protected":false},"author":1,"featured_media":0,"parent":0,"menu_order":0,"comment_status":"closed","ping_status":"closed","template":"page-templates\/template-canvas.php","meta":[],"_links":{"self":[{"href":"https:\/\/aerodromisrbije.rs\/sajt\/wp-json\/wp\/v2\/pages\/34"}],"collection":[{"href":"https:\/\/aerodromisrbije.rs\/sajt\/wp-json\/wp\/v2\/pages"}],"about":[{"href":"https:\/\/aerodromisrbije.rs\/sajt\/wp-json\/wp\/v2\/types\/page"}],"author":[{"embeddable":true,"href":"https:\/\/aerodromisrbije.rs\/sajt\/wp-json\/wp\/v2\/users\/1"}],"replies":[{"embeddable":true,"href":"https:\/\/aerodromisrbije.rs\/sajt\/wp-json\/wp\/v2\/comments?post=34"}],"version-history":[{"count":35,"href":"https:\/\/aerodromisrbije.rs\/sajt\/wp-json\/wp\/v2\/pages\/34\/revisions"}],"predecessor-version":[{"id":4778,"href":"https:\/\/aerodromisrbije.rs\/sajt\/wp-json\/wp\/v2\/pages\/34\/revisions\/4778"}],"wp:attachment":[{"href":"https:\/\/aerodromisrbije.rs\/sajt\/wp-json\/wp\/v2\/media?parent=34"}],"curies":[{"name":"wp","href":"https:\/\/api.w.org\/{rel}","templated":true}]}}