{"id":3988,"date":"2022-09-16T13:30:20","date_gmt":"2022-09-16T12:30:20","guid":{"rendered":"https:\/\/aerodromisrbije.rs\/sajt\/?page_id=3988"},"modified":"2023-02-10T08:01:52","modified_gmt":"2023-02-10T07:01:52","slug":"plan-obuka-za-2023-godinu","status":"publish","type":"page","link":"https:\/\/aerodromisrbije.rs\/sajt\/plan-obuka-za-2023-godinu\/","title":{"rendered":"Plan obuka za 2023. godinu"},"content":{"rendered":"<p>[vc_row][vc_column box=&#8220;true&#8220; bgcolor=&#8220;#ffffff&#8220;][vc_column_text]<a href=\"https:\/\/aerodromisrbije.rs\/sajt\/wp-content\/uploads\/2022\/09\/PLAN-OBUKE-SPASILACKO-VATROGASNOG-OSOBLJA-ZA-2023.pdf\">PLAN OBUKE VATROGASNO \u2013 SPASILA\u010cKOG OSOBLJA<\/a><\/p>\n<p><a href=\"https:\/\/aerodromisrbije.rs\/sajt\/wp-content\/uploads\/2023\/02\/PLAN-OBUKE-ZA-2023-KIP.pdf\">PLAN OBUKE OSOBLJA KOJE OBAVLJA POSLOVE KONTROLE ISPRAVNOSTI POVR\u0160INA ZA KRETANJE VAZDUHOPLOVA<\/a><\/p>\n<p><a href=\"https:\/\/aerodromisrbije.rs\/sajt\/wp-content\/uploads\/2023\/02\/PLAN-OBUKE-ZA-2023-OBEZ..pdf\">PLAN OBUKE IZ OBLASTI OBEZBE\u0110IVANJA U VAZDUHOPLOVSTVU<\/a><\/p>\n<p><a href=\"https:\/\/aerodromisrbije.rs\/sajt\/wp-content\/uploads\/2023\/02\/PLAN-OBUKE-ZA-2023-DGR.pdf\">PLAN OBUKE ZA STRU\u010cNU OSPOSOBLjENOST LICA KOJA OBAVLjAJU POSLOVE U TRANSPORTU OPASNE ROBE U VAZDU\u0160NOM SAOBRA\u0106AJU<\/a><\/p>\n<p><a href=\"https:\/\/aerodromisrbije.rs\/sajt\/wp-content\/uploads\/2023\/02\/PLAN-OBUKE-ZA-ZO-I-AD-2023.pdf\">PLAN OBUKE OSOBLJA KOJE PRU\u017dA USLUGE ZEMALJSKOG OPSLU\u017dIVANJA I AERODROMSKIH DISPE\u010cERA<\/a>[\/vc_column_text][\/vc_column][\/vc_row]<\/p>\n","protected":false},"excerpt":{"rendered":"<p>[vc_row][vc_column box=&#8220;true&#8220; bgcolor=&#8220;#ffffff&#8220;][vc_column_text]PLAN OBUKE VATROGASNO \u2013 SPASILA\u010cKOG OSOBLJA PLAN OBUKE OSOBLJA KOJE OBAVLJA POSLOVE KONTROLE ISPRAVNOSTI POVR\u0160INA ZA KRETANJE VAZDUHOPLOVA PLAN OBUKE IZ OBLASTI OBEZBE\u0110IVANJA U VAZDUHOPLOVSTVU PLAN OBUKE ZA STRU\u010cNU OSPOSOBLjENOST LICA KOJA OBAVLjAJU POSLOVE U TRANSPORTU OPASNE ROBE U VAZDU\u0160NOM SAOBRA\u0106AJU PLAN OBUKE OSOBLJA KOJE PRU\u017dA USLUGE ZEMALJSKOG OPSLU\u017dIVANJA I AERODROMSKIH DISPE\u010cERA[\/vc_column_text][\/vc_column][\/vc_row]<\/p>\n","protected":false},"author":5,"featured_media":0,"parent":0,"menu_order":0,"comment_status":"closed","ping_status":"closed","template":"page-templates\/template-fullwidth.php","meta":[],"_links":{"self":[{"href":"https:\/\/aerodromisrbije.rs\/sajt\/wp-json\/wp\/v2\/pages\/3988"}],"collection":[{"href":"https:\/\/aerodromisrbije.rs\/sajt\/wp-json\/wp\/v2\/pages"}],"about":[{"href":"https:\/\/aerodromisrbije.rs\/sajt\/wp-json\/wp\/v2\/types\/page"}],"author":[{"embeddable":true,"href":"https:\/\/aerodromisrbije.rs\/sajt\/wp-json\/wp\/v2\/users\/5"}],"replies":[{"embeddable":true,"href":"https:\/\/aerodromisrbije.rs\/sajt\/wp-json\/wp\/v2\/comments?post=3988"}],"version-history":[{"count":2,"href":"https:\/\/aerodromisrbije.rs\/sajt\/wp-json\/wp\/v2\/pages\/3988\/revisions"}],"predecessor-version":[{"id":4266,"href":"https:\/\/aerodromisrbije.rs\/sajt\/wp-json\/wp\/v2\/pages\/3988\/revisions\/4266"}],"wp:attachment":[{"href":"https:\/\/aerodromisrbije.rs\/sajt\/wp-json\/wp\/v2\/media?parent=3988"}],"curies":[{"name":"wp","href":"https:\/\/api.w.org\/{rel}","templated":true}]}}