{"id":4740,"date":"2023-09-06T13:37:07","date_gmt":"2023-09-06T12:37:07","guid":{"rendered":"https:\/\/aerodromisrbije.rs\/sajt\/?page_id=4740"},"modified":"2024-03-28T08:00:19","modified_gmt":"2024-03-28T07:00:19","slug":"plan-obuka-za-2024-godinu","status":"publish","type":"page","link":"https:\/\/aerodromisrbije.rs\/sajt\/plan-obuka-za-2024-godinu\/","title":{"rendered":"Plan obuka za 2024. godinu"},"content":{"rendered":"<p>[vc_row][vc_column box=&#8220;true&#8220; bgcolor=&#8220;#ffffff&#8220;][vc_column_text]<a href=\"https:\/\/aerodromisrbije.rs\/sajt\/wp-content\/uploads\/2023\/09\/20230906_PLAN-OBUKE.pdf\">PLAN OBUKE VATROGASNO \u2013 SPASILA\u010cKOG OSOBLJA<\/a><\/p>\n<p><a href=\"https:\/\/aerodromisrbije.rs\/sajt\/wp-content\/uploads\/2024\/03\/PLAN-OBUKE-KIP.pdf\">PLAN OBUKE OSOBLJA KOJE OBAVLJA POSLOVE KONTROLE ISPRAVNOSTI POVR\u0160INA ZA KRETANJE VAZDUHOPLOVA<\/a><\/p>\n<p><a href=\"https:\/\/aerodromisrbije.rs\/sajt\/wp-content\/uploads\/2024\/03\/PLAN-OBUKE-DGR.pdf\">PLAN OBUKE ZA STRU\u010cNU OSPOSOBLjENOST LICA KOJA OBAVLjAJU POSLOVE U TRANSPORTU OPASNE ROBE U VAZDU\u0160NOM SAOBRA\u0106AJU<\/a><\/p>\n<p><a href=\"https:\/\/aerodromisrbije.rs\/sajt\/wp-content\/uploads\/2024\/03\/PLAN-OBUKE-SZO.pdf\">PLAN OBUKE OSOBLJA KOJE PRU\u017dA USLUGE ZEMALJSKOG OPSLU\u017dIVANJA I AERODROMSKIH DISPE\u010cERA<\/a>[\/vc_column_text][\/vc_column][\/vc_row]<\/p>\n","protected":false},"excerpt":{"rendered":"<p>[vc_row][vc_column box=&#8220;true&#8220; bgcolor=&#8220;#ffffff&#8220;][vc_column_text]PLAN OBUKE VATROGASNO \u2013 SPASILA\u010cKOG OSOBLJA PLAN OBUKE OSOBLJA KOJE OBAVLJA POSLOVE KONTROLE ISPRAVNOSTI POVR\u0160INA ZA KRETANJE VAZDUHOPLOVA PLAN OBUKE ZA STRU\u010cNU OSPOSOBLjENOST LICA KOJA OBAVLjAJU POSLOVE U TRANSPORTU OPASNE ROBE U VAZDU\u0160NOM SAOBRA\u0106AJU PLAN OBUKE OSOBLJA KOJE PRU\u017dA USLUGE ZEMALJSKOG OPSLU\u017dIVANJA I AERODROMSKIH DISPE\u010cERA[\/vc_column_text][\/vc_column][\/vc_row]<\/p>\n","protected":false},"author":2,"featured_media":0,"parent":0,"menu_order":0,"comment_status":"closed","ping_status":"closed","template":"page-templates\/template-fullwidth.php","meta":[],"_links":{"self":[{"href":"https:\/\/aerodromisrbije.rs\/sajt\/wp-json\/wp\/v2\/pages\/4740"}],"collection":[{"href":"https:\/\/aerodromisrbije.rs\/sajt\/wp-json\/wp\/v2\/pages"}],"about":[{"href":"https:\/\/aerodromisrbije.rs\/sajt\/wp-json\/wp\/v2\/types\/page"}],"author":[{"embeddable":true,"href":"https:\/\/aerodromisrbije.rs\/sajt\/wp-json\/wp\/v2\/users\/2"}],"replies":[{"embeddable":true,"href":"https:\/\/aerodromisrbije.rs\/sajt\/wp-json\/wp\/v2\/comments?post=4740"}],"version-history":[{"count":4,"href":"https:\/\/aerodromisrbije.rs\/sajt\/wp-json\/wp\/v2\/pages\/4740\/revisions"}],"predecessor-version":[{"id":5045,"href":"https:\/\/aerodromisrbije.rs\/sajt\/wp-json\/wp\/v2\/pages\/4740\/revisions\/5045"}],"wp:attachment":[{"href":"https:\/\/aerodromisrbije.rs\/sajt\/wp-json\/wp\/v2\/media?parent=4740"}],"curies":[{"name":"wp","href":"https:\/\/api.w.org\/{rel}","templated":true}]}}