{"id":5407,"date":"2024-10-25T13:34:28","date_gmt":"2024-10-25T12:34:28","guid":{"rendered":"https:\/\/aerodromisrbije.rs\/sajt\/?page_id=5407"},"modified":"2024-12-27T13:44:07","modified_gmt":"2024-12-27T12:44:07","slug":"plan-obuka-za-2025-godinu","status":"publish","type":"page","link":"https:\/\/aerodromisrbije.rs\/sajt\/plan-obuka-za-2025-godinu\/","title":{"rendered":"Plan obuka za 2025. godinu"},"content":{"rendered":"<p>[vc_row][vc_column box=&#8220;true&#8220; bgcolor=&#8220;#ffffff&#8220;][vc_column_text]<a href=\"https:\/\/aerodromisrbije.rs\/sajt\/wp-content\/uploads\/2024\/10\/Plan-obuka-2025-SVO.pdf\">PLAN OBUKE VATROGASNO \u2013 SPASILA\u010cKOG OSOBLJA<\/a><\/p>\n<p><a href=\"https:\/\/aerodromisrbije.rs\/sajt\/wp-content\/uploads\/2024\/10\/PLAN-OBUKE-KIP-2025.pdf\">PLAN OBUKE OSOBLJA KOJE OBAVLJA POSLOVE KONTROLE ISPRAVNOSTI POVR\u0160INA ZA KRETANJE VAZDUHOPLOVA<\/a><\/p>\n<p><a href=\"https:\/\/aerodromisrbije.rs\/sajt\/wp-content\/uploads\/2024\/12\/PLAN-OBUKA-SZO.pdf\">PLAN OBUKE OSOBLJA KOJE PRU\u017dA USLUGE ZEMALJSKOG OPSLU\u017dIVANJA I AERODROMSKIH DISPE\u010cERA<\/a><\/p>\n<p><a href=\"https:\/\/aerodromisrbije.rs\/sajt\/wp-content\/uploads\/2024\/12\/PLAN-OBUKE-DGR.pdf\">PLAN OBUKE ZA STRU\u010cNU OSPOSOBLjENOST LICA KOJA OBAVLjAJU POSLOVE U TRANSPORTU OPASNE ROBE U VAZDU\u0160NOM SAOBRA\u0106AJU<\/a><\/p>\n<p><a href=\"https:\/\/aerodromisrbije.rs\/sajt\/wp-content\/uploads\/2024\/12\/PLAN-OBUKE-OBEZB..pdf\">PLAN OBUKE IZ OBLASTI OBEZBE\u0110IVANJA U VAZDUHOPLOVSTVU<\/a>[\/vc_column_text][\/vc_column][\/vc_row]<\/p>\n","protected":false},"excerpt":{"rendered":"<p>[vc_row][vc_column box=&#8220;true&#8220; bgcolor=&#8220;#ffffff&#8220;][vc_column_text]PLAN OBUKE VATROGASNO \u2013 SPASILA\u010cKOG OSOBLJA PLAN OBUKE OSOBLJA KOJE OBAVLJA POSLOVE KONTROLE ISPRAVNOSTI POVR\u0160INA ZA KRETANJE VAZDUHOPLOVA PLAN OBUKE OSOBLJA KOJE PRU\u017dA USLUGE ZEMALJSKOG OPSLU\u017dIVANJA I AERODROMSKIH DISPE\u010cERA PLAN OBUKE ZA STRU\u010cNU OSPOSOBLjENOST LICA KOJA OBAVLjAJU POSLOVE U TRANSPORTU OPASNE ROBE U VAZDU\u0160NOM SAOBRA\u0106AJU PLAN OBUKE IZ OBLASTI OBEZBE\u0110IVANJA U VAZDUHOPLOVSTVU[\/vc_column_text][\/vc_column][\/vc_row]<\/p>\n","protected":false},"author":5,"featured_media":0,"parent":0,"menu_order":0,"comment_status":"closed","ping_status":"closed","template":"page-templates\/template-fullwidth.php","meta":[],"_links":{"self":[{"href":"https:\/\/aerodromisrbije.rs\/sajt\/wp-json\/wp\/v2\/pages\/5407"}],"collection":[{"href":"https:\/\/aerodromisrbije.rs\/sajt\/wp-json\/wp\/v2\/pages"}],"about":[{"href":"https:\/\/aerodromisrbije.rs\/sajt\/wp-json\/wp\/v2\/types\/page"}],"author":[{"embeddable":true,"href":"https:\/\/aerodromisrbije.rs\/sajt\/wp-json\/wp\/v2\/users\/5"}],"replies":[{"embeddable":true,"href":"https:\/\/aerodromisrbije.rs\/sajt\/wp-json\/wp\/v2\/comments?post=5407"}],"version-history":[{"count":3,"href":"https:\/\/aerodromisrbije.rs\/sajt\/wp-json\/wp\/v2\/pages\/5407\/revisions"}],"predecessor-version":[{"id":5594,"href":"https:\/\/aerodromisrbije.rs\/sajt\/wp-json\/wp\/v2\/pages\/5407\/revisions\/5594"}],"wp:attachment":[{"href":"https:\/\/aerodromisrbije.rs\/sajt\/wp-json\/wp\/v2\/media?parent=5407"}],"curies":[{"name":"wp","href":"https:\/\/api.w.org\/{rel}","templated":true}]}}