{"id":6277,"date":"2025-09-17T10:36:47","date_gmt":"2025-09-17T09:36:47","guid":{"rendered":"https:\/\/aerodromisrbije.rs\/sajt\/?page_id=6277"},"modified":"2026-02-09T14:50:58","modified_gmt":"2026-02-09T13:50:58","slug":"plan-obuka-za-2026-godinu","status":"publish","type":"page","link":"https:\/\/aerodromisrbije.rs\/sajt\/plan-obuka-za-2026-godinu\/","title":{"rendered":"Plan obuka za 2026. godinu"},"content":{"rendered":"<p>[vc_row][vc_column box=&#8220;true&#8220; bgcolor=&#8220;#ffffff&#8220;][vc_column_text]<a href=\"https:\/\/aerodromisrbije.rs\/sajt\/wp-content\/uploads\/2025\/09\/PLAN-OBUKE-SVS-ZA-2026.pdf\">PLAN OBUKE VATROGASNO \u2013 SPASILA\u010cKOG OSOBLJA<\/a><\/p>\n<p><a href=\"https:\/\/aerodromisrbije.rs\/sajt\/wp-content\/uploads\/2026\/01\/PLAN-OBUKE-KIP.pdf\">PLAN OBUKE &#8211; KIP<\/a><\/p>\n<p><a href=\"https:\/\/aerodromisrbije.rs\/sajt\/wp-content\/uploads\/2026\/01\/PLAN-OBUKE-OBEZBEDJIVANJE.pdf\">PLAN OBUKE &#8211; OBEZBE\u0110IVANJE<\/a><\/p>\n<p><a href=\"https:\/\/aerodromisrbije.rs\/sajt\/wp-content\/uploads\/2026\/01\/PLAN-OBUKE-ZEMALJSKO-OPSLUZIVANJE-I-AERODROMSKI-DISPECER.pdf\">PLAN OBUKE &#8211; ZEMALJSKO OPSLU\u017dIVANJE I AERODROMSKI DISPE\u010cER<\/a><\/p>\n<p><a href=\"https:\/\/aerodromisrbije.rs\/sajt\/wp-content\/uploads\/2026\/02\/PLAN-OBUKE-ZA-OPASNE-ROBE.pdf\">PLAN OBUKE ZA STRU\u010cNU OSPOSOBLjENOST LICA KOJA OBAVLjAJU POSLOVE U TRANSPORTU OPASNE ROBE U VAZDU\u0160NOM SAOBRA\u0106AJU<\/a>[\/vc_column_text][\/vc_column][\/vc_row]<\/p>\n","protected":false},"excerpt":{"rendered":"<p>[vc_row][vc_column box=&#8220;true&#8220; bgcolor=&#8220;#ffffff&#8220;][vc_column_text]PLAN OBUKE VATROGASNO \u2013 SPASILA\u010cKOG OSOBLJA PLAN OBUKE &#8211; KIP PLAN OBUKE &#8211; OBEZBE\u0110IVANJE PLAN OBUKE &#8211; ZEMALJSKO OPSLU\u017dIVANJE I AERODROMSKI DISPE\u010cER PLAN OBUKE ZA STRU\u010cNU OSPOSOBLjENOST LICA KOJA OBAVLjAJU POSLOVE U TRANSPORTU OPASNE ROBE U VAZDU\u0160NOM SAOBRA\u0106AJU[\/vc_column_text][\/vc_column][\/vc_row]<\/p>\n","protected":false},"author":5,"featured_media":0,"parent":0,"menu_order":0,"comment_status":"closed","ping_status":"closed","template":"page-templates\/template-fullwidth.php","meta":[],"_links":{"self":[{"href":"https:\/\/aerodromisrbije.rs\/sajt\/wp-json\/wp\/v2\/pages\/6277"}],"collection":[{"href":"https:\/\/aerodromisrbije.rs\/sajt\/wp-json\/wp\/v2\/pages"}],"about":[{"href":"https:\/\/aerodromisrbije.rs\/sajt\/wp-json\/wp\/v2\/types\/page"}],"author":[{"embeddable":true,"href":"https:\/\/aerodromisrbije.rs\/sajt\/wp-json\/wp\/v2\/users\/5"}],"replies":[{"embeddable":true,"href":"https:\/\/aerodromisrbije.rs\/sajt\/wp-json\/wp\/v2\/comments?post=6277"}],"version-history":[{"count":4,"href":"https:\/\/aerodromisrbije.rs\/sajt\/wp-json\/wp\/v2\/pages\/6277\/revisions"}],"predecessor-version":[{"id":6663,"href":"https:\/\/aerodromisrbije.rs\/sajt\/wp-json\/wp\/v2\/pages\/6277\/revisions\/6663"}],"wp:attachment":[{"href":"https:\/\/aerodromisrbije.rs\/sajt\/wp-json\/wp\/v2\/media?parent=6277"}],"curies":[{"name":"wp","href":"https:\/\/api.w.org\/{rel}","templated":true}]}}